{"id":5082,"date":"2024-03-07T10:36:24","date_gmt":"2024-03-07T09:36:24","guid":{"rendered":"https:\/\/gudshus.se\/?page_id=5082"},"modified":"2024-03-07T14:06:45","modified_gmt":"2024-03-07T13:06:45","slug":"integritetspolicy","status":"publish","type":"page","link":"https:\/\/gudshus.se\/en\/integritetspolicy\/","title":{"rendered":"Integritetspolicy"},"content":{"rendered":"<p>[et_pb_section fb_built=&#8221;1&#8243; _builder_version=&#8221;4.24.2&#8243; _module_preset=&#8221;default&#8221; global_colors_info=&#8221;{}&#8221;][et_pb_row _builder_version=&#8221;4.24.2&#8243; _module_preset=&#8221;default&#8221; global_colors_info=&#8221;{}&#8221;][et_pb_column type=&#8221;4_4&#8243; _builder_version=&#8221;4.24.2&#8243; _module_preset=&#8221;default&#8221; global_colors_info=&#8221;{}&#8221;][et_pb_text _builder_version=&#8221;4.24.2&#8243; _module_preset=&#8221;default&#8221; hover_enabled=&#8221;0&#8243; global_colors_info=&#8221;{}&#8221; sticky_enabled=&#8221;0&#8243;]<\/p>\n<h1><strong>Integritetspolicy<\/strong><\/h1>\n<h4><em>S\u00e5 h\u00e4r behandlar vi de personuppgifter som vi f\u00e5r in.<\/em><\/h4>\n<p>Undrar du hur vi hanterar dina personuppgifter? H\u00e4r kan du l\u00e4sa v\u00e5r integritetspolicy d\u00e4r vi ber\u00e4ttar hur vi hanterar dem i alla former av verksamhet.<\/p>\n<p>Nacka f\u00f6rsamling, Stockholmsk katolska stift och Muslimernas f\u00f6rening i Nacka driver gemensamt samverkansprojektet Guds Hus. Webbdom\u00e4nen gudshus.se \u00e4gs av Nacka f\u00f6rsamling och det \u00e4r \u00e4ven Nacka f\u00f6rsamling som betalar f\u00f6r dom\u00e4nen. Nacka f\u00f6rsamling sk\u00f6ter all typ av kommunikation (hemsida, nyhetsbrev, facebook-sidor och instagram). <span>Nacka f\u00f6rsamling ansvarar f\u00f6r hanteringen av dina personuppgifter om inte annat n\u00e4mns.<\/span><\/p>\n<p>F\u00f6r oss i Guds Hus \u00e4r det viktigt att du ska k\u00e4nna dig trygg med hur vi hanterar dina personuppgifter. D\u00e4rf\u00f6r \u00e4r vi \u00f6ppna med hur vi hanterar dina personuppgifter. Vi skyddar den information som du anf\u00f6rtror oss med, samt f\u00f6ljer de lagar och regler som finns f\u00f6r att skydda din integritet. Personuppgiftsbehandlingen regleras av EU:s dataskyddsf\u00f6rordning, \u00e4ven kallad GDPR. Du har enligt dataskyddsf\u00f6rordningen t.ex. r\u00e4tt att f\u00e5 ett utdrag av dina personuppgifter samt information om hur vi behandlar dem.<\/p>\n<h3>Dina r\u00e4ttigheter<\/h3>\n<p>Du som registrerad har enligt dataskyddsf\u00f6rordningen en del r\u00e4ttigheter. Nedan beskrivs dessa r\u00e4ttigheter samt hur Guds Hus arbetar f\u00f6r att uppfylla dessa r\u00e4ttigheter.<\/p>\n<h4>R\u00e4tt till tillg\u00e5ng (\u201dregisterutdrag\u201d)<\/h4>\n<p>Du har r\u00e4tt att kontakta oss f\u00f6r att f\u00e5 information om ifall vi hanterar dina personuppgifter och i s\u00e5 fall f\u00e5 tillg\u00e5ng till uppgifterna och information om hur vi anv\u00e4nder dem. Du har \u00e4ven r\u00e4tt att beg\u00e4ra en kopia av personuppgifterna. Den f\u00f6rsta kopian du beg\u00e4r \u00e4r gratis, men f\u00f6r ytterligare kopior kan en avgift komma att tas ut. L\u00e4mnar du din beg\u00e4ran i elektroniskt format, kommer du \u00e4ven om m\u00f6jligt att f\u00e5 utdraget och informationen i elektroniskt format. Om du inte beg\u00e4r ett visst elektroniskt format kommer utdraget att tillhandah\u00e5llas i ett format som \u00e4r allm\u00e4nt anv\u00e4nt, exempelvis PDF-filer.<\/p>\n<p>Om utl\u00e4mnandet till dig skulle medf\u00f6ra nackdelar f\u00f6r andra individer kan det h\u00e4nda att vi nekar utl\u00e4mnandet av vissa personuppgifter. R\u00e4tten till tillg\u00e5ng inneb\u00e4r inte heller att du alltid har r\u00e4tt att f\u00e5 ut sj\u00e4lva handlingen d\u00e4r dina personuppgifter f\u00f6rekommer.<\/p>\n<h4>R\u00e4tt till r\u00e4ttelse<\/h4>\n<p>Du har r\u00e4tt till att utan on\u00f6digt dr\u00f6jsm\u00e5l f\u00e5 felaktiga personuppgifter r\u00e4ttade. Om det \u00e4r l\u00e4mpligt med h\u00e4nsyn till \u00e4ndam\u00e5let med v\u00e5r behandling har du \u00e4ven r\u00e4tt att komplettera ofullst\u00e4ndiga personuppgifter, exempelvis genom att inge ett kompletterande utl\u00e5tande.<\/p>\n<h4>R\u00e4tt till begr\u00e4nsning<\/h4>\n<p>En begr\u00e4nsning av behandling inneb\u00e4r att personuppgifterna endast f\u00e5r anv\u00e4ndas och hanteras p\u00e5 vissa begr\u00e4nsade s\u00e4tt, till exempel s\u00e5 att vi enbart f\u00e5r lagra dem och inte anv\u00e4nda dem p\u00e5 n\u00e5got annat s\u00e4tt under den tid som begr\u00e4nsningen g\u00e4ller. Annan anv\u00e4ndning f\u00e5r d\u00e5 endast ske med ditt samtycke, f\u00f6r att skydda n\u00e5gon annans r\u00e4ttigheter eller f\u00f6r ett viktigt allm\u00e4nintresse.<\/p>\n<p>Du har r\u00e4tt att beg\u00e4ra att vi begr\u00e4nsar behandlingen av dina personuppgifter i fyra olika situationer:<br \/>\u2022 Om du bestrider personuppgifternas korrekthet, har du r\u00e4tt att beg\u00e4ra begr\u00e4nsning under tiden som vi kontrollerar om personuppgifter \u00e4r korrekta.<br \/>\u2022 \u00c4r behandlingen olaglig och du mots\u00e4tter dig att personuppgifterna raderas, kan du i st\u00e4llet beg\u00e4ra att dess anv\u00e4ndning ska begr\u00e4nsas.<br \/>\u2022 Om vi inte l\u00e4ngre beh\u00f6ver personuppgifterna f\u00f6r \u00e4ndam\u00e5len med behandlingen, men du beh\u00f6ver personuppgifterna f\u00f6r att g\u00f6ra g\u00e4llande eller f\u00f6rsvara r\u00e4ttsliga anspr\u00e5k.<br \/>\u2022Om du inv\u00e4nder mot behandlingen av dina personuppgifter har du r\u00e4tt att beg\u00e4ra att behandlingen av personuppgifterna begr\u00e4nsas under tiden som vi g\u00f6r en avv\u00e4gning mellan dina och v\u00e5ra intressen.<\/p>\n<p>Om du f\u00e5r dina personuppgifter begr\u00e4nsade, \u00e4r vi skyldiga att meddela dig innan begr\u00e4nsningen upph\u00f6r.<\/p>\n<h4>R\u00e4tt till radering<\/h4>\n<p>Du har r\u00e4tt att beg\u00e4ra radering av dina personuppgifter. I f\u00f6ljande fall \u00e4r vi skyldiga att utan dr\u00f6jsm\u00e5l radera dina personuppgifter:<br \/>\u2022 Om personuppgifterna inte l\u00e4ngre \u00e4r n\u00f6dv\u00e4ndiga f\u00f6r de \u00e4ndam\u00e5l de samlats in.<br \/>\u2022 Om du \u00e5terkallat det samtycke p\u00e5 vilket behandlingen grundar sig och det inte finns n\u00e5gon annan laglig grund f\u00f6r behandlingen, exempelvis om du l\u00e4mnat ditt samtycke till publicering av ett foto men sedan \u00e5ngrar dig och \u00e5terkallar ditt samtycke.<br \/>\u2022 Om behandlingen sker f\u00f6r direkt marknadsf\u00f6ring och du mots\u00e4tter dig att uppgifterna behandlas f\u00f6r det syftet, exempelvis om du inte l\u00e4ngre vill ha ett nyhetsbrev fr\u00e5n oss.<br \/>\u2022 Om du inv\u00e4nder mot behandlingen och det saknas ber\u00e4ttigade sk\u00e4l f\u00f6r behandlingen som v\u00e4ger tyngre \u00e4n dina intressen.<br \/>\u2022 Om personuppgifterna har behandlats p\u00e5 ett olagligt s\u00e4tt, exempelvis om personuppgifterna inte behandlats i enlighet med dataskyddsf\u00f6rordningen.<br \/>\u2022 Om personuppgifterna m\u00e5ste raderas f\u00f6r att uppfylla en r\u00e4ttslig f\u00f6rpliktelse.<\/p>\n<p>Observera att vi i vissa situationer inte kommer kunna tillm\u00f6tesg\u00e5 din beg\u00e4ran att bli raderad. Vi kan neka din beg\u00e4ran helt eller delvis om v\u00e5r behandling \u00e4r n\u00f6dv\u00e4ndig av n\u00e5got av f\u00f6ljande sk\u00e4l:<br \/>\u2022 f\u00f6r att tillgodose andra viktiga r\u00e4ttigheter, s\u00e5som r\u00e4tten till yttrande- och informationsfrihet<br \/>\u2022 f\u00f6r att uppfylla en r\u00e4ttslig f\u00f6rpliktelse<br \/>\u2022 f\u00f6r att utf\u00f6ra en uppgift av allm\u00e4nt intresse eller som ett led i myndighetsut\u00f6vning<br \/>\u2022 f\u00f6r att kunna fastst\u00e4lla, g\u00f6ra g\u00e4llande eller f\u00f6rsvara r\u00e4ttsliga anspr\u00e5k<br \/>\u2022 f\u00f6r arkiv\u00e4ndam\u00e5l av allm\u00e4nt intresse eller av vetenskapliga, historiska eller statistiska \u00e4ndam\u00e5l<br \/>\u2022 av sk\u00e4l som r\u00f6r ett allm\u00e4nt viktigt intresse p\u00e5 folkh\u00e4lsoomr\u00e5det.<\/p>\n<h4>R\u00e4tt till skadest\u00e5nd<\/h4>\n<p>Om du har lidit skada p\u00e5 grund av att dina personuppgifter har behandlats i strid med dataskyddsf\u00f6rordningen har du r\u00e4tt att beg\u00e4ra skadest\u00e5nd.<\/p>\n<h4>R\u00e4tten att inge klagom\u00e5l till IMY<\/h4>\n<p>Om du anser att v\u00e5r behandling \u00e4r olaglig eller inte utf\u00f6rs p\u00e5 ett korrekt s\u00e4tt har r\u00e4tt att inge ett klagom\u00e5l till Integritetsskyddsmyndigheten.<\/p>\n<h4>R\u00e4tt att inv\u00e4nda<\/h4>\n<p>Behandling som utf\u00f6rs med st\u00f6d av ett ber\u00e4ttigat intresse eller ett allm\u00e4nt intresse eller som ett led i myndighetsut\u00f6vning har du alltid r\u00e4tt att inv\u00e4nda mot enligt dataskyddsf\u00f6rordningen. D\u00e5 kommer vi att g\u00f6ra en intresseavv\u00e4gning utifr\u00e5n din specifika situation f\u00f6r att bed\u00f6ma om det fortfarande \u00e4r ber\u00e4ttigat att behandla dina personuppgifter f\u00f6r det angivna syftet.<\/p>\n<p>Du har \u00e4ven r\u00e4tt att inv\u00e4nda mot behandling som utf\u00f6rs f\u00f6r direktmarknadsf\u00f6rings\u00e4ndam\u00e5l. Om du g\u00f6r det kommer vi att sluta utf\u00f6ra behandlingen utan att f\u00f6rst utf\u00f6ra n\u00e5gon intresseavv\u00e4gning.<\/p>\n<h4>R\u00e4tt att ta tillbaka samtycke<\/h4>\n<p>Vad g\u00e4ller behandling som utf\u00f6rs med st\u00f6d av ett samtycke kan du alltid ta tillbaka ditt samtycke n\u00e4r som helst, och d\u00e5 ska personuppgifterna upph\u00f6ra att behandlas. Behandling som utf\u00f6rdes innan samtycket togs tillbaka ses dock fortfarande som laglig.<\/p>\n<h4>R\u00e4tt att flytta dina personuppgifter (\u201ddataportabilitet\u201d)<\/h4>\n<p>Automatiserad behandling (t.ex. i ett IT-system) som utf\u00f6rs med st\u00f6d av samtycke eller avtal d\u00e4r personuppgifterna samlats in direkt fr\u00e5n dig omfattas av r\u00e4tten till dataportabilitet, vilken inneb\u00e4r att du har en r\u00e4tt att beg\u00e4ra ut dina personuppgifter i ett format som \u00e4r strukturerat, allm\u00e4nt anv\u00e4nt och maskinl\u00e4sbart och, om det \u00e4r tekniskt m\u00f6jligt, f\u00e5 dessa personuppgifter \u00f6verf\u00f6rda direkt till en annan part.<\/p>\n<h4>Allm\u00e4nt<\/h4>\n<p>Om din beg\u00e4ran \u00e4r uppenbart ogrundad eller orimlig, till exempel om du vid upprepade tillf\u00e4llen beg\u00e4r samma sak, kan vi komma att ta ut en avgift eller neka din beg\u00e4ran.<\/p>\n<p>Du kan l\u00e4sa mer om dina r\u00e4ttigheter p\u00e5 Integritetsskyddsmyndigheten webbplats: www.imy.se\/privatperson\/dataskydd\/dina-rattigheter\/.<\/p>\n<h4>Kontakt<\/h4>\n<p>Om du har fr\u00e5gor om v\u00e5r behandling av dina personuppgifter kan du h\u00f6ra av dig till:<br \/>Nacka f\u00f6rsamling<br \/>08-546 06 100<br \/><a href=\"&#109;&#x61;i&#108;&#x74;o&#x3a;&#x6e;&#97;&#x63;k&#97;&#x2e;f&#111;&#x72;&#115;&#x61;m&#108;&#x69;n&#103;&#x40;&#115;&#x76;&#x65;&#110;&#x73;k&#97;&#x6b;y&#x72;&#x6b;&#97;&#x6e;&#46;&#115;&#x65;\">&#x6e;&#x61;&#x63;&#x6b;&#x61;&#x2e;&#x66;&#x6f;&#x72;&#x73;&#x61;&#x6d;&#x6c;&#x69;&#110;&#103;&#64;&#115;&#118;&#101;&#110;&#115;&#107;&#97;&#107;yrkan&#46;se<\/a><\/p>\n<p>Du kan ocks\u00e5 h\u00f6ra av dig till Guds Hus\/Nacka f\u00f6rsamlings dataskyddsombud.<br \/>Nacka f\u00f6rsamlings dataskyddsombud<br \/>Erika Malmberg, inTechrity<br \/>072-549 64 34<br \/><a href=\"&#109;&#x61;&#105;&#x6c;&#116;&#x6f;&#58;&#x64;&#97;&#x74;&#97;&#x73;k&#x79;d&#x64;s&#x6f;m&#x62;u&#x64;&#64;&#105;&#x6e;&#116;&#x65;&#99;&#x68;&#114;&#x69;&#116;&#x79;&#46;&#x73;&#101;\">&#x64;&#x61;&#x74;&#x61;&#x73;&#x6b;&#x79;&#x64;&#x64;&#x73;&#x6f;&#x6d;&#x62;&#x75;&#x64;&#x40;&#x69;&#x6e;&#x74;&#x65;&#x63;&#x68;&#114;&#105;&#116;&#121;&#46;&#115;&#101;<\/a><\/p>\n<h3>Om du interagerar med oss p\u00e5 sociala medier<\/h3>\n<p><strong>Hur och varf\u00f6r behandlar vi dina personuppgifter?<br \/><\/strong>Vi \u00e4r aktiva p\u00e5 sociala medier s\u00e5som Facebook och Instagram. Om du v\u00e4ljer att publicera inneh\u00e5ll, exempelvis ett inl\u00e4gg eller en kommentar, p\u00e5 n\u00e5gon av v\u00e5ra publika sidor samtycker du till att vi behandlar de personuppgifter som du publicerar. Vi behandlar uppgifterna i syfte att kunna informera och kommunicera med de personer som tar kontakt med oss f\u00f6r att st\u00e4lla fr\u00e5gor eller f\u00f6ra diskussioner. F\u00f6rutom att dina personuppgifter lagras i den tj\u00e4nst du publicerat dem behandlar vi dem \u00e4ven genom att l\u00e4sa, eventuellt besvara och i undantagsfall radera dem. Du kan ta tillbaka ditt samtycke n\u00e4r som helst genom att sj\u00e4lv radera det du publicerat.<\/p>\n<p>Kom ih\u00e5g att du genom att publicera inneh\u00e5ll p\u00e5 en av v\u00e5ra publika sidor \u00e4ven l\u00e4mnar de uppgifter du publicerar till leverant\u00f6ren av den sociala tj\u00e4nsten. Guds Hus har ingen kontroll \u00f6ver vad dessa leverant\u00f6rer g\u00f6r med dina uppgifter, utan det regleras helt av deras egna villkor f\u00f6r respektive tj\u00e4nst.<\/p>\n<p>Ibland marknadsf\u00f6r vi \u00e4ven v\u00e5ra inl\u00e4gg p\u00e5 sociala medier. N\u00e4r vi g\u00f6r det kan vi med hj\u00e4lp av den ber\u00f6rda tj\u00e4nsten v\u00e4lja att exempelvis rikta oss till personer i vissa \u00e5ldrar som bor inom ett visst omr\u00e5de. Det kan \u00e4ven h\u00e4nda att vi riktar oss till personer med vissa intressen som de sj\u00e4lva angivit p\u00e5 sin profil. Vi f\u00e5r inte tillg\u00e5ng till n\u00e5gra uppgifter om specifika personer, utan all faktisk behandling av personuppgifter utf\u00f6rs av leverant\u00f6ren av den sociala tj\u00e4nsten.<\/p>\n<p>Observera att publicerat material kan komma att bevaras f\u00f6r arkiv\u00e4ndam\u00e5l av allm\u00e4nt intresse och att vi omfattas av en inomkyrklig offentlighetsprincip som inneb\u00e4r att vi kan vara skyldiga att l\u00e4mna ut uppgifter till allm\u00e4nheten. Offentlighetsprincipen framg\u00e5r dels av 11 \u00a7 lagen om Svenska kyrkan, dels av kapitel 53 och 54 i kyrkoordningen.<\/p>\n<p><strong>\u00d6verf\u00f6ring till tredje land<br \/><\/strong>Publicering p\u00e5 sociala medier inneb\u00e4r att det material som publiceras \u00f6verf\u00f6rs till USA. USA:s lagstiftning uppfyller inte alla de krav som st\u00e4lls av EU:s dataskyddsf\u00f6rordning, vilket kan inneb\u00e4ra vissa risker f\u00f6r personuppgifterna. Framf\u00f6r allt kan brottsbek\u00e4mpande myndigheter i USA komma att f\u00e5 tillg\u00e5ng till personuppgifter hos leverant\u00f6ren av den sociala tj\u00e4nsten.<\/p>\n<p>S\u00e5dana myndigheter \u00e4r fr\u00e4mst intresserade av uppgifter som kan leda till att terrorism f\u00f6rhindras. Leverant\u00f6ren har \u00e5tagit sig genom sina villkor att s\u00e5 l\u00e5ngt m\u00f6jligt skydda personuppgifterna p\u00e5 det s\u00e4tt som kr\u00e4vs inom EU, men m\u00e5ste l\u00e4mna \u00f6ver uppgifter till brottsbek\u00e4mpande myndigheter i USA om de f\u00e5r en s\u00e5dan beg\u00e4ran.<\/p>\n<p>Vi inh\u00e4mtar alltid ditt samtycke till \u00f6verf\u00f6ring av personuppgifter till tredje land innan vi publicerar bilder eller andra personuppgifter om dig p\u00e5 sociala medier. Det kan vara sv\u00e5rt eller om\u00f6jligt att h\u00e4vda sina r\u00e4ttigheter g\u00e4llande personuppgifter som de brottsbek\u00e4mpande myndigheterna har f\u00e5tt tillg\u00e5ng till. Vi ber dig att ha dessa risker i \u00e5tanke n\u00e4r du best\u00e4mmer ifall du vill samtycka till publicering p\u00e5 sociala medier eller ej.<\/p>\n<p>&nbsp;<\/p>\n<h3>Om du kontaktar oss via epost, anm\u00e4ler dig till nyhetsbrev eller v\u00e4nf\u00f6reningen<\/h3>\n<p><strong>Hur och varf\u00f6r behandlar vi dina personuppgifter?<br \/><\/strong>Inkommande e-post eller inskickade formul\u00e4r inneh\u00e5ller i regel personuppgifter. Om du kontaktar oss via e-post eller formul\u00e4r kommer vi att behandla dina personuppgifter genom att l\u00e4sa, lagra och hantera ditt meddelande samt genom att i f\u00f6rekommande fall f\u00f6ra det vidare till r\u00e4tt mottagare inom Guds Hus\/Nacka f\u00f6rsamling.<\/p>\n<p>Den lagliga grunden f\u00f6r rutinm\u00e4ssig hantering av e-post\/formul\u00e4r \u00e4r v\u00e5rt ber\u00e4ttigade intresse av att meddelandet hanteras och besvaras, vilket bed\u00f6ms v\u00e4ga tillr\u00e4ckligt tungt f\u00f6r att r\u00e4ttf\u00e4rdiga behandlingen av dina personuppgifter. Om du n\u00e4mner ditt medlemskap i ett religi\u00f6st samfund inneb\u00e4r detta indirekt att vi \u00e4ven behandlar uppgifter om din religi\u00f6sa \u00f6vertygelse.<\/p>\n<p>Fundera en extra g\u00e5ng innan du n\u00e4mner n\u00e5gon annan person i ett e-postmeddelande till oss. \u00c4ven s\u00e5dana personuppgifter behandlas med st\u00f6d av ett ber\u00e4ttigat intresse, men det kan vara sv\u00e5rt eller till och med om\u00f6jligt f\u00f6r oss att informera individen om att dennes personuppgifter behandlas i detta fall. Ta hand om dina medm\u00e4nniskor och n\u00e4mn endast andra personer \u00e4n dig sj\u00e4lv om du anser att det \u00e4r n\u00f6dv\u00e4ndigt.<\/p>\n<p>Vi kan komma att diarief\u00f6ra handlingar som inkommer till eller uppr\u00e4ttas hos Nacka f\u00f6rsamling. Dina personuppgifter kan \u00e4ven komma att l\u00e4mnas ut i enlighet med den statliga eller inomkyrkliga offentlighetsprincipen, vilket framg\u00e5r av 10\u201311 \u00a7\u00a7 lagen om Svenska kyrkan.<\/p>\n<p><strong>Vilka personuppgifter behandlar vi?<br \/><\/strong>De personuppgifter som behandlas av oss i detta syfte \u00e4r de som du anger i ditt meddelande. Vanliga exempel p\u00e5 personuppgifter som inkommer till oss p\u00e5 detta s\u00e4tt \u00e4r namn, e-postadress, telefonnummer och befattning.<\/p>\n<p><strong>Hur l\u00e4nge behandlar vi personuppgifterna?<br \/><\/strong>Efter att kommunikationen\/\u00e4rendet har avslutats kommer vi, beroende p\u00e5 inneh\u00e5llet i ditt e-postmeddelande, antingen radera meddelandet eller arkivera det i enlighet med till\u00e4mplig arkivlagstiftning.<\/p>\n<p>&nbsp;<\/p>\n<h3>Om du st\u00f6der oss via Swish<\/h3>\n<p>N\u00e4r du skickar oss en g\u00e5va via Swish f\u00e5r vi med din betalning uppgifter om det namn och det mobilnummer som \u00e4r kopplat till Swish-appen.<\/p>\n<p><strong>Hur och varf\u00f6r behandlar vi dina personuppgifter?<br \/><\/strong>Vi \u00e4r anslutna till Swish f\u00f6r att kunna hantera och underl\u00e4tta vissa betalningar. Om du betalar med Swish hos oss g\u00e5r betalningen genom Swish och din bank innan pengarna s\u00e4tts in p\u00e5 v\u00e5rt konto. Banken \u00e4r ansvarig f\u00f6r den behandling av personuppgifter de utf\u00f6r i och med transaktionen medan vi \u00e4r ansvariga f\u00f6r den behandling vi utf\u00f6r efter att ha tagit emot din betalning.<\/p>\n<p>Vi behandlar dina personuppgifter f\u00f6r att uppfylla en r\u00e4ttslig f\u00f6rpliktelse i bokf\u00f6ringslagen att spara bokf\u00f6ringsunderlag och i vissa fall \u00e4ven f\u00f6r att kunna uppfylla ett avtal om betalning mellan oss.<\/p>\n<p>Vi kan komma att diarief\u00f6ra handlingar som inkommer till eller uppr\u00e4ttas hos oss. Dina personuppgifter kan \u00e4ven komma att l\u00e4mnas ut i enlighet med den inomkyrkliga offentlighetsprincipen, vilket framg\u00e5r av 11 \u00a7 lagen om Svenska kyrkan.<\/p>\n<p><strong>Vilka personuppgifter behandlar vi?<\/strong><br \/>Vi behandlar ditt namn, telefonnummer och eventuellt meddelande du skrivit in n\u00e4r du betalat.<\/p>\n<p><strong>Hur l\u00e4nge behandlar vi personuppgifterna?<\/strong><br \/>Uppgifter om betalningen sparas i 7 \u00e5r efter r\u00e4kenskaps\u00e5rets slut med st\u00f6d av bokf\u00f6ringslagen.<\/p>\n<p>&nbsp;<\/p>\n<h3>Om du \u00e4r med p\u00e5 foto och film<\/h3>\n<p>Guds Hus tar ibland fotografier eller spelar in filmer i olika grupper, under tillst\u00e4llningar och vid andra tillf\u00e4llen i v\u00e5r verksamhet. V\u00e5rt syfte med detta \u00e4r att dokumentera verksamheten och bevara bild- och filmmaterialet f\u00f6r arkiv\u00e4ndam\u00e5l och framtida forskning. V\u00e5ra fotografier och filmer \u00e4r inte s\u00f6kbara p\u00e5 person.<\/p>\n<p>Vi str\u00e4var alltid efter att inh\u00e4mta godk\u00e4nnande fr\u00e5n de personer som g\u00e5r att identifiera i bild- och filmmaterial innan vi anv\u00e4nder s\u00e5dant material i v\u00e5r kommunikation. Godk\u00e4nnande inh\u00e4mtas vanligtvis muntligen men kan ocks\u00e5 ske skriftligen via blanketter. Har du en g\u00e5ng l\u00e4mnat ditt godk\u00e4nnande kan du n\u00e4r som helst ta tillbaka det, men det p\u00e5verkar inte eventuell publicering vi redan gjort med ditt godk\u00e4nnande.<\/p>\n<p>Observera att bild- och filmmaterial kan komma att bevaras f\u00f6r arkiv\u00e4ndam\u00e5l av allm\u00e4nt intresse och att vi omfattas av en inomkyrklig offentlighetsprincip som inneb\u00e4r att vi kan vara skyldiga att l\u00e4mna ut uppgifter till allm\u00e4nheten.<\/p>\n<p>[\/et_pb_text][\/et_pb_column][\/et_pb_row][\/et_pb_section]<\/p>\n","protected":false},"excerpt":{"rendered":"<p>Integritetspolicy S\u00e5 h\u00e4r behandlar vi de personuppgifter som vi f\u00e5r in. Undrar du hur vi hanterar dina personuppgifter? H\u00e4r kan du l\u00e4sa v\u00e5r integritetspolicy d\u00e4r vi ber\u00e4ttar hur vi hanterar dem i alla former av verksamhet. Nacka f\u00f6rsamling, Stockholmsk katolska stift och Muslimernas f\u00f6rening i Nacka driver gemensamt samverkansprojektet Guds Hus. Webbdom\u00e4nen gudshus.se \u00e4gs av [&hellip;]<\/p>\n","protected":false},"author":1,"featured_media":0,"parent":0,"menu_order":0,"comment_status":"closed","ping_status":"closed","template":"","meta":{"_et_pb_use_builder":"on","_et_pb_old_content":"","_et_gb_content_width":"","footnotes":""},"class_list":["post-5082","page","type-page","status-publish","hentry"],"_links":{"self":[{"href":"https:\/\/gudshus.se\/en\/wp-json\/wp\/v2\/pages\/5082","targetHints":{"allow":["GET"]}}],"collection":[{"href":"https:\/\/gudshus.se\/en\/wp-json\/wp\/v2\/pages"}],"about":[{"href":"https:\/\/gudshus.se\/en\/wp-json\/wp\/v2\/types\/page"}],"author":[{"embeddable":true,"href":"https:\/\/gudshus.se\/en\/wp-json\/wp\/v2\/users\/1"}],"replies":[{"embeddable":true,"href":"https:\/\/gudshus.se\/en\/wp-json\/wp\/v2\/comments?post=5082"}],"version-history":[{"count":18,"href":"https:\/\/gudshus.se\/en\/wp-json\/wp\/v2\/pages\/5082\/revisions"}],"predecessor-version":[{"id":5127,"href":"https:\/\/gudshus.se\/en\/wp-json\/wp\/v2\/pages\/5082\/revisions\/5127"}],"wp:attachment":[{"href":"https:\/\/gudshus.se\/en\/wp-json\/wp\/v2\/media?parent=5082"}],"curies":[{"name":"wp","href":"https:\/\/api.w.org\/{rel}","templated":true}]}}