{"id":558,"date":"2018-08-23T14:21:04","date_gmt":"2018-08-23T12:21:04","guid":{"rendered":"http:\/\/gudshus.se\/?page_id=558"},"modified":"2019-09-11T11:10:08","modified_gmt":"2019-09-11T09:10:08","slug":"aktuellt","status":"publish","type":"page","link":"https:\/\/gudshus.se\/en\/aktuellt\/","title":{"rendered":"News"},"content":{"rendered":"<p>[et_pb_section fb_built=&#8221;1&#8243; fullwidth=&#8221;on&#8221; _builder_version=&#8221;3.22&#8243; custom_padding=&#8221;0|0px|0|0px|false|false&#8221; bottom_divider_style=&#8221;slant2&#8243; bottom_divider_color=&#8221;#ffffff&#8221; bottom_divider_height_tablet=&#8221;80px&#8221; bottom_divider_height_phone=&#8221;40px&#8221; bottom_divider_height_last_edited=&#8221;on|phone&#8221;][et_pb_fullwidth_image src=&#8221;http:\/\/gudshus.se\/wp-content\/uploads\/2019\/09\/IMG_0932_Toppbild_H1000.jpg&#8221; _builder_version=&#8221;3.26.3&#8243; custom_margin=&#8221;|||&#8221; custom_padding=&#8221;0px|||&#8221;]&nbsp;<br \/>\n[\/et_pb_fullwidth_image][\/et_pb_section][et_pb_section fb_built=&#8221;1&#8243; _builder_version=&#8221;3.22&#8243; custom_padding=&#8221;0|0px|34px|0px|false|false&#8221;][et_pb_row custom_padding=&#8221;40px|0px|9px|0px|false|false&#8221; _builder_version=&#8221;3.25&#8243; background_size=&#8221;initial&#8221; background_position=&#8221;top_left&#8221; background_repeat=&#8221;repeat&#8221;][et_pb_column type=&#8221;4_4&#8243; _builder_version=&#8221;3.25&#8243; custom_padding=&#8221;|||&#8221; custom_padding__hover=&#8221;|||&#8221;][et_pb_text quote_border_weight=&#8221;7px&#8221; _builder_version=&#8221;3.26.3&#8243; text_font=&#8221;Open Sans||||||||&#8221; quote_font=&#8221;Alegreya Sans|900|||||||&#8221; quote_font_size=&#8221;22px&#8221; header_font=&#8221;Alegreya Sans|900|||||||&#8221; inline_fonts=&#8221;Alegreya Sans&#8221;]<\/p>\n<h1>Aktuellt<\/h1>\n<p><strong>Det \u00e4r liv och r\u00f6relse redan nu <\/strong>i det som kommer att bli Guds Hus \u2013 lokalerna \u00e4r fyllda till bredden med aktiviteter i b\u00e5de Fisks\u00e4tra kyrka och i den nuvarande mosk\u00e9lokalen. Med ett gemensamt Guds Hus kommer vi f\u00e5 plats f\u00f6r mer aktiviteter och fler m\u00f6ten n\u00e4r vi kommer n\u00e4rmare varandra under ett gemensamt tak.<\/p>\n<p><span style=\"font-size: large;\">H\u00e4r hittar du nyhetsnotiser, b\u00e5de som nyhetsartiklar och fr\u00e5n v\u00e5r Facebook-sida.<\/span><\/p>\n<p>[\/et_pb_text][\/et_pb_column][\/et_pb_row][et_pb_row column_structure=&#8221;1_2,1_2&#8243; _builder_version=&#8221;3.26.3&#8243;][et_pb_column type=&#8221;1_2&#8243; _builder_version=&#8221;3.26.3&#8243;][et_pb_button button_url=&#8221;#kalendarium&#8221; button_text=&#8221;Visa kalendarium&#8221; button_alignment=&#8221;left&#8221; _builder_version=&#8221;3.26.3&#8243;][\/et_pb_button][\/et_pb_column][et_pb_column type=&#8221;1_2&#8243; _builder_version=&#8221;3.26.3&#8243;][et_pb_button button_url=&#8221;https:\/\/us19.campaign-archive.com\/home\/?u=c0a343e6ca75e930a217fa742&#038;id=3b1c15454f&#8221; url_new_window=&#8221;on&#8221; button_text=&#8221;Tidigare  nyhetsbrev&#8221; button_alignment=&#8221;left&#8221; admin_label=&#8221;Knapp Tidigare nyhetsbrev&#8221; _builder_version=&#8221;3.26.3&#8243;][\/et_pb_button][\/et_pb_column][\/et_pb_row][\/et_pb_section][et_pb_section fb_built=&#8221;1&#8243; _builder_version=&#8221;3.22&#8243; custom_margin=&#8221;|||&#8221; custom_margin_tablet=&#8221;|50px||50px&#8221; custom_margin_phone=&#8221;|20px||20px&#8221; custom_margin_last_edited=&#8221;off|desktop&#8221; custom_padding=&#8221;0|0px|0|0px|false|false&#8221;][et_pb_row custom_padding=&#8221;0|0px|0|0px|false|false&#8221; _builder_version=&#8221;3.25&#8243;][et_pb_column type=&#8221;4_4&#8243; _builder_version=&#8221;3.25&#8243; custom_padding=&#8221;|||&#8221; custom_padding__hover=&#8221;|||&#8221;][et_pb_text _builder_version=&#8221;3.15&#8243; text_font=&#8221;||||||||&#8221; text_text_color=&#8221;#000000&#8243; text_font_size=&#8221;16px&#8221; text_line_height=&#8221;1em&#8221; header_font=&#8221;||||||||&#8221; header_4_font=&#8221;|600|||||||&#8221; header_4_text_color=&#8221;#000000&#8243; header_4_font_size=&#8221;50px&#8221; custom_margin=&#8221;||0px|&#8221; custom_padding=&#8221;35px|||&#8221;]<\/p>\n<h4 style=\"text-align: left;\">Nyheter<\/h4>\n<p>[\/et_pb_text][\/et_pb_column][\/et_pb_row][\/et_pb_section][et_pb_section fb_built=&#8221;1&#8243; _builder_version=&#8221;3.22&#8243; custom_padding=&#8221;6px|0px|68px|0px|false|false&#8221;][et_pb_row use_custom_gutter=&#8221;on&#8221; gutter_width=&#8221;2&#8243; custom_padding=&#8221;12px|0px|0|0px|false|false&#8221; _builder_version=&#8221;3.25&#8243;][et_pb_column type=&#8221;4_4&#8243; _builder_version=&#8221;3.25&#8243; custom_padding=&#8221;|||&#8221; custom_padding__hover=&#8221;|||&#8221;][et_pb_blog fullwidth=&#8221;off&#8221; posts_number=&#8221;6&#8243; include_categories=&#8221;1&#8243; meta_date=&#8221;j M Y&#8221; show_more=&#8221;on&#8221; show_author=&#8221;off&#8221; show_categories=&#8221;off&#8221; _builder_version=&#8221;3.26.3&#8243; header_level=&#8221;h5&#8243; header_font=&#8221;||||||||&#8221; body_font=&#8221;||||||||&#8221; body_text_align=&#8221;left&#8221; body_font_size=&#8221;12px&#8221; body_line_height=&#8221;1.5em&#8221; meta_font=&#8221;||||||||&#8221; meta_font_size=&#8221;13px&#8221; pagination_font=&#8221;||||||||&#8221; pagination_text_color=&#8221;#e09900&#8243; pagination_font_size=&#8221;20px&#8221; custom_margin=&#8221;|||&#8221; body_font_size_last_edited=&#8221;on|desktop&#8221;]&nbsp;<br \/>\n[\/et_pb_blog][\/et_pb_column][\/et_pb_row][\/et_pb_section][et_pb_section fb_built=&#8221;1&#8243; _builder_version=&#8221;3.26.3&#8243; background_color=&#8221;#3b5998&#8243; custom_margin=&#8221;|||&#8221; custom_margin_tablet=&#8221;|50px||50px&#8221; custom_margin_phone=&#8221;|20px||20px&#8221; custom_margin_last_edited=&#8221;off|desktop&#8221; custom_padding=&#8221;0|0px|25px|0px|false|false&#8221;][et_pb_row column_structure=&#8221;1_2,1_2&#8243; use_custom_gutter=&#8221;on&#8221; gutter_width=&#8221;2&#8243; custom_padding=&#8221;4px|0px|0|0px|false|false&#8221; _builder_version=&#8221;3.25&#8243;][et_pb_column type=&#8221;1_2&#8243; _builder_version=&#8221;3.25&#8243; custom_padding=&#8221;|||&#8221; custom_padding__hover=&#8221;|||&#8221;][et_pb_text _builder_version=&#8221;3.26.3&#8243; text_font=&#8221;||||||||&#8221; text_font_size=&#8221;16px&#8221; text_line_height=&#8221;1em&#8221; header_font=&#8221;||||||||&#8221; header_4_font=&#8221;|700|||||||&#8221; header_4_text_color=&#8221;#ffffff&#8221; header_4_font_size=&#8221;30px&#8221; border_radii=&#8221;on|15px|15px|15px|15px&#8221; custom_margin=&#8221;||0px|&#8221; custom_margin_last_edited=&#8221;off|desktop&#8221; custom_padding=&#8221;25px|15px|0px|15px&#8221;]<\/p>\n<h4><a href=\"https:\/\/www.facebook.com\/GudsHus\/\" target=\"_blank\" rel=\"noopener noreferrer\">Guds Hus p\u00e5 Facebook<\/a><\/h4>\n<p>[\/et_pb_text][et_pb_text _builder_version=&#8221;3.15&#8243; text_font=&#8221;||||||||&#8221; text_text_color=&#8221;#ffffff&#8221; text_font_size=&#8221;16px&#8221; text_line_height=&#8221;1em&#8221; header_font=&#8221;||||||||&#8221; header_4_font=&#8221;|600|||||||&#8221; custom_padding=&#8221;0px|15px|5px|15px&#8221;]<\/p>\n<p><em>F\u00f6lj Guds Hus p\u00e5 Facebook \u2013 klicka p\u00e5 Gilla sida-knappen.<\/em><\/p>\n<p>[\/et_pb_text][et_pb_code]<iframe loading=\"lazy\" src=\"https:\/\/www.facebook.com\/plugins\/page.php?href=https%3A%2F%2Fwww.facebook.com%2FGudsHus&#038;tabs=timeline&#038;width=500&#038;height=800&#038;small_header=true&#038;adapt_container_width=true&#038;hide_cover=false&#038;show_facepile=false&#038;appId=227035854645339\" width=\"480\" height=\"800\" style=\"border:none;overflow:hidden\" scrolling=\"no\" frameborder=\"0\" allowTransparency=\"true\" allow=\"encrypted-media\"><\/iframe>[\/et_pb_code][\/et_pb_column][et_pb_column type=&#8221;1_2&#8243; _builder_version=&#8221;3.25&#8243; custom_padding=&#8221;|||&#8221; custom_padding__hover=&#8221;|||&#8221;][et_pb_text module_id=&#8221;kalendarium&#8221; _builder_version=&#8221;3.26.3&#8243; text_font=&#8221;||||||||&#8221; text_font_size=&#8221;16px&#8221; text_line_height=&#8221;1em&#8221; header_font=&#8221;||||||||&#8221; header_4_font=&#8221;|600|||||||&#8221; header_4_text_color=&#8221;#ffffff&#8221; header_4_font_size=&#8221;30px&#8221; border_radii=&#8221;on|15px|15px|15px|15px&#8221; custom_margin=&#8221;||0px|&#8221; custom_padding=&#8221;25px|15px|0px|15px&#8221;]<\/p>\n<h4><a href=\"https:\/\/www.facebook.com\/pg\/GudsHus\/events\/\" target=\"_blank\" rel=\"noopener noreferrer\">Kalendarium p\u00e5 Facebook<\/a><\/h4>\n<p>[\/et_pb_text][et_pb_text _builder_version=&#8221;3.15&#8243; text_font=&#8221;||||||||&#8221; text_text_color=&#8221;#ffffff&#8221; text_font_size=&#8221;16px&#8221; text_line_height=&#8221;1em&#8221; header_font=&#8221;||||||||&#8221; header_4_font=&#8221;|600|||||||&#8221; custom_padding=&#8221;0px|15px|5px|15px&#8221;]<\/p>\n<p><em>Aktiviteter i Guds Hus h\u00e4mtade fr\u00e5n Facebook.<\/em><\/p>\n<p>[\/et_pb_text][et_pb_code]<iframe loading=\"lazy\" src=\"https:\/\/www.facebook.com\/plugins\/page.php?href=https%3A%2F%2Fwww.facebook.com%2FGudsHus%2F&#038;tabs=events&#038;width=480&#038;height=800&#038;small_header=true&#038;adapt_container_width=true&#038;hide_cover=false&#038;show_facepile=false&#038;appId=227035854645339\" width=\"480\" height=\"800\" style=\"border:none;overflow:hidden\" scrolling=\"no\" frameborder=\"0\" allowTransparency=\"true\" allow=\"encrypted-media\"><\/iframe>[\/et_pb_code][\/et_pb_column][\/et_pb_row][\/et_pb_section][et_pb_section fb_built=&#8221;1&#8243; prev_background_color=&#8221;#3b5998&#8243; admin_label=&#8221;Sektion Nyhetsbrev&#8221; _builder_version=&#8221;3.26.3&#8243; background_color=&#8221;#c9384e&#8221; custom_padding=&#8221;62px|0px|0|0px|false|false&#8221; top_divider_style=&#8221;arrow2&#8243; top_divider_height=&#8221;40px&#8221; top_divider_arrangement=&#8221;above_content&#8221; global_module=&#8221;547&#8243; saved_tabs=&#8221;all&#8221;][et_pb_row custom_padding=&#8221;25.5938px|0px|0|0px|false|false&#8221; _builder_version=&#8221;3.25&#8243;][et_pb_column type=&#8221;4_4&#8243; _builder_version=&#8221;3.25&#8243; custom_padding=&#8221;|||&#8221; custom_padding__hover=&#8221;|||&#8221;][et_pb_text _builder_version=&#8221;3.26.3&#8243; text_font=&#8221;||||||||&#8221; text_text_shadow_style=&#8221;preset3&#8243; header_font=&#8221;Alegreya Sans|900|||||||&#8221; header_text_color=&#8221;#ffffff&#8221; header_font_size=&#8221;62px&#8221; header_font_size_phone=&#8221;50px&#8221; header_font_size_last_edited=&#8221;on|phone&#8221;]<\/p>\n<h1 style=\"text-align: center;\">H\u00e5ll dig informerad<\/h1>\n<p>[\/et_pb_text][\/et_pb_column][\/et_pb_row][et_pb_row custom_padding=&#8221;0|0px|0|0px|false|false&#8221; _builder_version=&#8221;3.25&#8243;][et_pb_column type=&#8221;4_4&#8243; _builder_version=&#8221;3.25&#8243; custom_padding=&#8221;|||&#8221; custom_padding__hover=&#8221;|||&#8221;][\/et_pb_column][\/et_pb_row][et_pb_row column_structure=&#8221;1_2,1_2&#8243; custom_padding=&#8221;2px|0px|44px|0px|false|false&#8221; _builder_version=&#8221;3.25&#8243; background_size=&#8221;initial&#8221; background_position=&#8221;top_left&#8221; background_repeat=&#8221;repeat&#8221; animation_direction=&#8221;left&#8221;][et_pb_column type=&#8221;1_2&#8243; _builder_version=&#8221;3.25&#8243; custom_padding=&#8221;|||&#8221; custom_padding__hover=&#8221;|||&#8221;][et_pb_text _builder_version=&#8221;3.26.3&#8243; text_font=&#8221;Open Sans||||||||&#8221; text_text_color=&#8221;#ffffff&#8221; text_font_size=&#8221;17px&#8221; text_text_shadow_style=&#8221;preset3&#8243; link_text_color=&#8221;#ffffff&#8221; header_font=&#8221;Alegreya Sans|300|||||||&#8221; header_text_color=&#8221;#ffffff&#8221; header_font_size=&#8221;40px&#8221; background_layout=&#8221;dark&#8221; z_index_tablet=&#8221;500&#8243; link_text_shadow_horizontal_length_tablet=&#8221;0px&#8221; link_text_shadow_vertical_length_tablet=&#8221;0px&#8221; link_text_shadow_blur_strength_tablet=&#8221;1px&#8221; ul_text_shadow_horizontal_length_tablet=&#8221;0px&#8221; ul_text_shadow_vertical_length_tablet=&#8221;0px&#8221; ul_text_shadow_blur_strength_tablet=&#8221;1px&#8221; ol_text_shadow_horizontal_length_tablet=&#8221;0px&#8221; ol_text_shadow_vertical_length_tablet=&#8221;0px&#8221; ol_text_shadow_blur_strength_tablet=&#8221;1px&#8221; quote_text_shadow_horizontal_length_tablet=&#8221;0px&#8221; quote_text_shadow_vertical_length_tablet=&#8221;0px&#8221; quote_text_shadow_blur_strength_tablet=&#8221;1px&#8221; header_text_shadow_horizontal_length_tablet=&#8221;0px&#8221; header_text_shadow_vertical_length_tablet=&#8221;0px&#8221; header_text_shadow_blur_strength_tablet=&#8221;1px&#8221; header_2_text_shadow_horizontal_length_tablet=&#8221;0px&#8221; header_2_text_shadow_vertical_length_tablet=&#8221;0px&#8221; header_2_text_shadow_blur_strength_tablet=&#8221;1px&#8221; header_3_text_shadow_horizontal_length_tablet=&#8221;0px&#8221; header_3_text_shadow_vertical_length_tablet=&#8221;0px&#8221; header_3_text_shadow_blur_strength_tablet=&#8221;1px&#8221; header_4_text_shadow_horizontal_length_tablet=&#8221;0px&#8221; header_4_text_shadow_vertical_length_tablet=&#8221;0px&#8221; header_4_text_shadow_blur_strength_tablet=&#8221;1px&#8221; header_5_text_shadow_horizontal_length_tablet=&#8221;0px&#8221; header_5_text_shadow_vertical_length_tablet=&#8221;0px&#8221; header_5_text_shadow_blur_strength_tablet=&#8221;1px&#8221; header_6_text_shadow_horizontal_length_tablet=&#8221;0px&#8221; header_6_text_shadow_vertical_length_tablet=&#8221;0px&#8221; header_6_text_shadow_blur_strength_tablet=&#8221;1px&#8221; box_shadow_horizontal_tablet=&#8221;0px&#8221; box_shadow_vertical_tablet=&#8221;0px&#8221; box_shadow_blur_tablet=&#8221;40px&#8221; box_shadow_spread_tablet=&#8221;0px&#8221;]<\/p>\n<p><strong>L\u00e5t oss ber\u00e4tta vad som h\u00e4nder, <\/strong>s\u00e5 kan du ber\u00e4tta f\u00f6r andra<strong>.\u00a0<\/strong><span style=\"font-size: 17px;\">I nyhetsbrevet ber\u00e4ttar vi hur arbetet fortskrider och bjuder in till olika aktiviteter. <\/span><\/p>\n<p><span style=\"font-size: 17px;\">Nyhetsbrevet skickas ca 4\u20136 g\u00e5nger per \u00e5r. Du kan n\u00e4r som helst s\u00e4ga upp prenumerationen med ett enkelt klick.<\/span><\/p>\n<p><a href=\"https:\/\/us19.campaign-archive.com\/home\/?u=c0a343e6ca75e930a217fa742&amp;id=3b1c15454f\" target=\"_blank\" rel=\"noopener\">L\u00e4s tidigare nyhetsbrev h\u00e4r \u00bb<\/a><\/p>\n<p>[\/et_pb_text][\/et_pb_column][et_pb_column type=&#8221;1_2&#8243; _builder_version=&#8221;3.25&#8243; custom_padding=&#8221;|||&#8221; custom_padding__hover=&#8221;|||&#8221;][et_pb_signup mailchimp_list=&#8221;Guds Hus|3b1c15454f&#8221; name_field=&#8221;on&#8221; success_message=&#8221;Tack f\u00f6r din anm\u00e4lan. N\u00e4sta nyhetsbrev kommer skickas direkt till din inbox.&#8221; title=&#8221;Skicka mig nyhetsbrevet&#8221; _builder_version=&#8221;3.23&#8243; header_level=&#8221;h5&#8243; header_font=&#8221;|800|||||||&#8221; result_message_font=&#8221;Open Sans|600|||||||&#8221; result_message_font_size=&#8221;18px&#8221; result_message_line_height=&#8221;1.3em&#8221; use_background_color=&#8221;off&#8221; custom_margin=&#8221;0px|||&#8221; custom_padding=&#8221;0px|||&#8221; button_text_size__hover_enabled=&#8221;off&#8221; button_text_size__hover=&#8221;null&#8221; button_one_text_size__hover_enabled=&#8221;off&#8221; button_one_text_size__hover=&#8221;null&#8221; button_two_text_size__hover_enabled=&#8221;off&#8221; button_two_text_size__hover=&#8221;null&#8221; button_text_color__hover_enabled=&#8221;off&#8221; button_text_color__hover=&#8221;null&#8221; button_one_text_color__hover_enabled=&#8221;off&#8221; button_one_text_color__hover=&#8221;null&#8221; button_two_text_color__hover_enabled=&#8221;off&#8221; button_two_text_color__hover=&#8221;null&#8221; button_border_width__hover_enabled=&#8221;off&#8221; button_border_width__hover=&#8221;null&#8221; button_one_border_width__hover_enabled=&#8221;off&#8221; button_one_border_width__hover=&#8221;null&#8221; button_two_border_width__hover_enabled=&#8221;off&#8221; button_two_border_width__hover=&#8221;null&#8221; button_border_color__hover_enabled=&#8221;off&#8221; button_border_color__hover=&#8221;null&#8221; button_one_border_color__hover_enabled=&#8221;off&#8221; button_one_border_color__hover=&#8221;null&#8221; button_two_border_color__hover_enabled=&#8221;off&#8221; button_two_border_color__hover=&#8221;null&#8221; button_border_radius__hover_enabled=&#8221;off&#8221; button_border_radius__hover=&#8221;null&#8221; button_one_border_radius__hover_enabled=&#8221;off&#8221; button_one_border_radius__hover=&#8221;null&#8221; button_two_border_radius__hover_enabled=&#8221;off&#8221; button_two_border_radius__hover=&#8221;null&#8221; button_letter_spacing__hover_enabled=&#8221;off&#8221; button_letter_spacing__hover=&#8221;null&#8221; button_one_letter_spacing__hover_enabled=&#8221;off&#8221; button_one_letter_spacing__hover=&#8221;null&#8221; button_two_letter_spacing__hover_enabled=&#8221;off&#8221; button_two_letter_spacing__hover=&#8221;null&#8221; button_bg_color__hover_enabled=&#8221;off&#8221; button_bg_color__hover=&#8221;null&#8221; button_one_bg_color__hover_enabled=&#8221;off&#8221; button_one_bg_color__hover=&#8221;null&#8221; button_two_bg_color__hover_enabled=&#8221;off&#8221; button_two_bg_color__hover=&#8221;null&#8221;][\/et_pb_signup][\/et_pb_column][\/et_pb_row][\/et_pb_section][et_pb_section fb_built=&#8221;1&#8243; prev_background_color=&#8221;#c9384e&#8221; admin_label=&#8221;Sektion Bli en fredsbyggare&#8221; _builder_version=&#8221;3.22&#8243; background_color=&#8221;#e09900&#8243; custom_padding=&#8221;50.1875px|0px|62px|0px|false|false&#8221; top_divider_style=&#8221;arrow2&#8243; top_divider_height=&#8221;40px&#8221; top_divider_flip=&#8221;horizontal&#8221; bottom_divider_height=&#8221;40px&#8221; bottom_divider_flip=&#8221;horizontal&#8221;][et_pb_row custom_padding=&#8221;58px|0px|25.453125px|0px|false|false&#8221; _builder_version=&#8221;3.25&#8243;][et_pb_column type=&#8221;4_4&#8243; _builder_version=&#8221;3.25&#8243; custom_padding=&#8221;|||&#8221; custom_padding__hover=&#8221;|||&#8221;][et_pb_text _builder_version=&#8221;3.15&#8243; text_font=&#8221;Open Sans||||||||&#8221; text_text_color=&#8221;#ffffff&#8221; text_font_size=&#8221;17px&#8221; text_text_shadow_style=&#8221;preset3&#8243; header_font=&#8221;Alegreya Sans|900|||||||&#8221; header_text_color=&#8221;#ffffff&#8221; header_font_size=&#8221;62px&#8221;]<\/p>\n<h1 style=\"text-align: center;\">St\u00f6d arbetet f\u00f6r Guds Hus<\/h1>\n<p><strong>Du kan bidra \u2013\u00a0<\/strong> med pengar, tid eller engagemang. Ge enkelt en g\u00e5va via swish, eller bli m\u00e5nadsgivare och bidra regelbundet. Som f\u00f6retag eller organisation kan ni bli f\u00f6retagsv\u00e4nner och g\u00f6ra stor skillnad.<\/p>\n<p>[\/et_pb_text][\/et_pb_column][\/et_pb_row][et_pb_row custom_padding=&#8221;0|0px|0|0px|false|false&#8221; _builder_version=&#8221;3.25&#8243;][et_pb_column type=&#8221;4_4&#8243; _builder_version=&#8221;3.25&#8243; custom_padding=&#8221;|||&#8221; custom_padding__hover=&#8221;|||&#8221;][et_pb_button button_url=&#8221;\/stod-guds-hus&#8221; button_text=&#8221;St\u00f6d Guds Hus&#8221; button_alignment=&#8221;center&#8221; _builder_version=&#8221;3.16&#8243; background_layout=&#8221;dark&#8221; button_text_size__hover_enabled=&#8221;off&#8221; button_one_text_size__hover_enabled=&#8221;off&#8221; button_two_text_size__hover_enabled=&#8221;off&#8221; button_text_color__hover_enabled=&#8221;off&#8221; button_one_text_color__hover_enabled=&#8221;off&#8221; button_two_text_color__hover_enabled=&#8221;off&#8221; button_border_width__hover_enabled=&#8221;off&#8221; button_one_border_width__hover_enabled=&#8221;off&#8221; button_two_border_width__hover_enabled=&#8221;off&#8221; button_border_color__hover_enabled=&#8221;off&#8221; button_one_border_color__hover_enabled=&#8221;off&#8221; button_two_border_color__hover_enabled=&#8221;off&#8221; button_border_radius__hover_enabled=&#8221;off&#8221; button_one_border_radius__hover_enabled=&#8221;off&#8221; button_two_border_radius__hover_enabled=&#8221;off&#8221; button_letter_spacing__hover_enabled=&#8221;off&#8221; button_one_letter_spacing__hover_enabled=&#8221;off&#8221; button_two_letter_spacing__hover_enabled=&#8221;off&#8221; button_bg_color__hover_enabled=&#8221;off&#8221; button_one_bg_color__hover_enabled=&#8221;off&#8221; button_two_bg_color__hover_enabled=&#8221;off&#8221;][\/et_pb_button][\/et_pb_column][\/et_pb_row][\/et_pb_section][et_pb_section fb_built=&#8221;1&#8243; _builder_version=&#8221;3.12.1&#8243; background_color=&#8221;#000000&#8243; global_module=&#8221;585&#8243;][et_pb_row column_structure=&#8221;1_4,1_4,1_4,1_4&#8243; custom_padding=&#8221;27px||0px|&#8221; _builder_version=&#8221;3.25&#8243;][et_pb_column type=&#8221;1_4&#8243; _builder_version=&#8221;3.25&#8243; custom_padding=&#8221;|||&#8221; custom_padding__hover=&#8221;|||&#8221;][et_pb_image src=&#8221;http:\/\/gudshus.se\/wp-content\/uploads\/2018\/06\/Logo-Guds-Hus-vit-svbg-w776.png&#8221; url=&#8221;\/&#8221; align_tablet=&#8221;center&#8221; align_last_edited=&#8221;on|desktop&#8221; module_class=&#8221;noDecoration&#8221; _builder_version=&#8221;3.23&#8243;][\/et_pb_image][et_pb_text _builder_version=&#8221;3.15&#8243; text_font=&#8221;||||||||&#8221; text_font_size=&#8221;16px&#8221; text_line_height=&#8221;1.5em&#8221;]<\/p>\n<p><em><strong>Innanf\u00f6rskap<\/strong> genom m\u00f6ten \u00f6ver gr\u00e4nser. <strong>M\u00e5ngfald<\/strong> i\u00a0en globaliserad v\u00e4rld.\u00a0<strong>Religion<\/strong> som en resurs i civilsamh\u00e4llet.<\/em><\/p>\n<p>[\/et_pb_text][\/et_pb_column][et_pb_column type=&#8221;1_4&#8243; _builder_version=&#8221;3.25&#8243; custom_padding=&#8221;|||&#8221; custom_padding__hover=&#8221;|||&#8221;][et_pb_text _builder_version=&#8221;3.15&#8243; text_font=&#8221;||||||||&#8221; text_font_size=&#8221;15px&#8221; text_line_height=&#8221;1.4em&#8221; header_font=&#8221;||||||||&#8221;]<\/p>\n<p><a href=\"\/om-guds-hus\"><strong>Om Guds Hus<\/strong><\/a><br \/><em>Id\u00e9, historia och framtid<\/em><\/p>\n<p>[\/et_pb_text][et_pb_text _builder_version=&#8221;3.15&#8243; text_font=&#8221;||||||||&#8221; text_font_size=&#8221;15px&#8221; text_line_height=&#8221;1.4em&#8221;]<\/p>\n<p><a href=\"\/byggnaden\"><strong>Byggnaden<\/strong><\/a><br \/><em>Ett Guds Hus f\u00f6r m\u00e4nniskor<\/em><\/p>\n<p>[\/et_pb_text][et_pb_text _builder_version=&#8221;3.15&#8243; text_font=&#8221;||||||||&#8221; text_font_size=&#8221;15px&#8221; text_line_height=&#8221;1.4em&#8221;]<\/p>\n<p><a href=\"\/roster-om-guds-hus\"><strong>R\u00f6ster om Guds Hus<\/strong><\/a><br \/><em>T\u00e4nkt och sagt om Guds Hus<\/em><\/p>\n<p>[\/et_pb_text][\/et_pb_column][et_pb_column type=&#8221;1_4&#8243; _builder_version=&#8221;3.25&#8243; custom_padding=&#8221;|||&#8221; custom_padding__hover=&#8221;|||&#8221;][et_pb_text _builder_version=&#8221;3.15&#8243; text_font=&#8221;||||||||&#8221; text_font_size=&#8221;15px&#8221; text_line_height=&#8221;1.4em&#8221;]<\/p>\n<p><a href=\"\/fragor-svar\"><strong>Fr\u00e5gor &amp; Svar<\/strong><\/a><br \/><em>Svar p\u00e5 dina funderingar<\/em><\/p>\n<p>[\/et_pb_text][et_pb_text _builder_version=&#8221;3.15&#8243; text_font=&#8221;||||||||&#8221; text_font_size=&#8221;15px&#8221; text_line_height=&#8221;1.4em&#8221;]<\/p>\n<p><a href=\"\/aktuellt\"><strong>Aktuellt<\/strong><\/a><br \/><em>Nyheter och kalendarium<\/em><\/p>\n<p>[\/et_pb_text][et_pb_text _builder_version=&#8221;3.13.1&#8243; text_font=&#8221;||||||||&#8221; text_font_size=&#8221;15px&#8221; text_line_height=&#8221;1.4em&#8221;]<\/p>\n<p><a href=\"\/kontakt\"><strong>Kontakt<\/strong><\/a><br \/><em>Adresser och kontaktpersoner<\/em><\/p>\n<p>[\/et_pb_text][\/et_pb_column][et_pb_column type=&#8221;1_4&#8243; _builder_version=&#8221;3.25&#8243; custom_padding=&#8221;|||&#8221; custom_padding__hover=&#8221;|||&#8221;][et_pb_text _builder_version=&#8221;3.15&#8243; text_font=&#8221;||||||||&#8221; text_font_size=&#8221;15px&#8221; text_line_height=&#8221;1.4em&#8221;]<\/p>\n<p><a href=\"\/stod-guds-hus\"><strong>St\u00f6d Guds Hus<\/strong><\/a><br \/><em>Du kan bidra p\u00e5 m\u00e5nga s\u00e4tt<\/em><\/p>\n<p>\u00bb <a href=\"\/gava\">Ge en g\u00e5va<\/a><\/p>\n<p>\u00bb <a href=\"\/manadsgivare\">Bli M\u00e5nadsgivare<\/a><\/p>\n<p>\u00bb <a href=\"\/vanforetag\">Bli V\u00e4nf\u00f6retag<\/a><\/p>\n<p>\u00bb <a href=\"http:\/\/www.gudshusvan.se\" target=\"_blank\" rel=\"noopener noreferrer\">Guds Hus v\u00e4nf\u00f6rening<\/a><\/p>\n<p>[\/et_pb_text][\/et_pb_column][\/et_pb_row][et_pb_row _builder_version=&#8221;3.25&#8243;][et_pb_column type=&#8221;4_4&#8243; _builder_version=&#8221;3.25&#8243; custom_padding=&#8221;|||&#8221; custom_padding__hover=&#8221;|||&#8221;][et_pb_text _builder_version=&#8221;3.15&#8243; inline_fonts=&#8221;Elegant Icons2&#8243;]<\/p>\n<div><span style=\"display: inline-block; color: #9b9b9b; font-family: 'Elegant Icons2';\">\ue0e3<\/span><br \/>[google-translator]<\/div>\n<p>[\/et_pb_text][\/et_pb_column][\/et_pb_row][\/et_pb_section]<\/p>\n","protected":false},"excerpt":{"rendered":"<p>&nbsp; Aktuellt Det \u00e4r liv och r\u00f6relse redan nu i det som kommer att bli Guds Hus \u2013 lokalerna \u00e4r fyllda till bredden med aktiviteter i b\u00e5de Fisks\u00e4tra kyrka och i den nuvarande mosk\u00e9lokalen. Med ett gemensamt Guds Hus kommer vi f\u00e5 plats f\u00f6r mer aktiviteter och fler m\u00f6ten n\u00e4r vi kommer n\u00e4rmare varandra under [&hellip;]<\/p>\n","protected":false},"author":1,"featured_media":0,"parent":0,"menu_order":0,"comment_status":"closed","ping_status":"closed","template":"","meta":{"_et_pb_use_builder":"on","_et_pb_old_content":"","_et_gb_content_width":"","footnotes":""},"class_list":["post-558","page","type-page","status-publish","hentry"],"_links":{"self":[{"href":"https:\/\/gudshus.se\/en\/wp-json\/wp\/v2\/pages\/558","targetHints":{"allow":["GET"]}}],"collection":[{"href":"https:\/\/gudshus.se\/en\/wp-json\/wp\/v2\/pages"}],"about":[{"href":"https:\/\/gudshus.se\/en\/wp-json\/wp\/v2\/types\/page"}],"author":[{"embeddable":true,"href":"https:\/\/gudshus.se\/en\/wp-json\/wp\/v2\/users\/1"}],"replies":[{"embeddable":true,"href":"https:\/\/gudshus.se\/en\/wp-json\/wp\/v2\/comments?post=558"}],"version-history":[{"count":139,"href":"https:\/\/gudshus.se\/en\/wp-json\/wp\/v2\/pages\/558\/revisions"}],"predecessor-version":[{"id":3146,"href":"https:\/\/gudshus.se\/en\/wp-json\/wp\/v2\/pages\/558\/revisions\/3146"}],"wp:attachment":[{"href":"https:\/\/gudshus.se\/en\/wp-json\/wp\/v2\/media?parent=558"}],"curies":[{"name":"wp","href":"https:\/\/api.w.org\/{rel}","templated":true}]}}