{"id":757,"date":"2018-09-03T14:50:11","date_gmt":"2018-09-03T12:50:11","guid":{"rendered":"http:\/\/gudshus.se\/?page_id=757"},"modified":"2018-09-13T13:52:07","modified_gmt":"2018-09-13T11:52:07","slug":"valkommen-till-fisksatra","status":"publish","type":"page","link":"https:\/\/gudshus.se\/en\/valkommen-till-fisksatra\/","title":{"rendered":"V\u00e4lkommen till Fisks\u00e4tra"},"content":{"rendered":"<p>[et_pb_section fb_built=&#8221;1&#8243; fullwidth=&#8221;on&#8221; _builder_version=&#8221;3.6&#8243; custom_padding=&#8221;0|0px|0|0px|false|false&#8221; bottom_divider_style=&#8221;slant2&#8243; bottom_divider_color=&#8221;#ffffff&#8221; bottom_divider_height=&#8221;180px&#8221; bottom_divider_flip=&#8221;horizontal&#8221;][et_pb_fullwidth_image src=&#8221;http:\/\/gudshus.se\/wp-content\/uploads\/2018\/08\/Hus-vatten-w1080-q6.jpg&#8221; _builder_version=&#8221;3.13.1&#8243; custom_margin=&#8221;|||&#8221; custom_padding=&#8221;0px|||&#8221;][\/et_pb_fullwidth_image][\/et_pb_section][et_pb_section fb_built=&#8221;1&#8243; _builder_version=&#8221;3.6&#8243; custom_padding=&#8221;0|0|0|0px|false|false&#8221;][et_pb_row custom_padding=&#8221;60px|0px|42px|0px|false|false&#8221; _builder_version=&#8221;3.12.2&#8243; background_size=&#8221;initial&#8221; background_position=&#8221;top_left&#8221; background_repeat=&#8221;repeat&#8221;][et_pb_column type=&#8221;4_4&#8243; _builder_version=&#8221;3.0.47&#8243; parallax=&#8221;off&#8221; parallax_method=&#8221;on&#8221;][et_pb_text quote_border_weight=&#8221;7px&#8221; _builder_version=&#8221;3.7&#8243; text_font=&#8221;Open Sans||||||||&#8221; quote_font=&#8221;Alegreya Sans|900|||||||&#8221; quote_font_size=&#8221;22px&#8221; header_font=&#8221;Alegreya Sans|900|||||||&#8221; inline_fonts=&#8221;Alegreya Sans&#8221;]<\/p>\n<h1>V\u00e4lkommen till Fisks\u00e4tra<\/h1>\n<p><strong><br \/>\n<span style=\"font-size: large;\">I Fisks\u00e4tra har v\u00e4rlden f\u00f6rt m\u00e4nniskor och nationer n\u00e4rmare varandra. Bland de 8.000 inv\u00e5narna finns m\u00e4nniskor med r\u00f6tter i ett \u00e5ttiotal olika l\u00e4nder. Guds Hus och dess verksamhet vill vara ett bidrag till att \u00f6ka tilliten, kunskapen och respekten f\u00f6r varandra. D\u00e4r spelar de religi\u00f6sa samfunden en mycket viktig roll f\u00f6r en positiv utveckling.<\/span><\/strong><br \/>\n[\/et_pb_text][\/et_pb_column][\/et_pb_row][et_pb_row custom_padding=&#8221;0|0px|0|0px|false|false&#8221; _builder_version=&#8221;3.13&#8243;][et_pb_column type=&#8221;4_4&#8243; _builder_version=&#8221;3.0.47&#8243; parallax=&#8221;off&#8221; parallax_method=&#8221;on&#8221;][et_pb_divider color=&#8221;#6d509b&#8221; _builder_version=&#8221;3.13&#8243; max_width=&#8221;40%&#8221; max_width_last_edited=&#8221;on|desktop&#8221; module_alignment=&#8221;center&#8221;][\/et_pb_divider][\/et_pb_column][\/et_pb_row][et_pb_row custom_padding=&#8221;0|0px|49px|0px|false|false&#8221; _builder_version=&#8221;3.13&#8243; collapsed=&#8221;on&#8221;][et_pb_column type=&#8221;4_4&#8243; _builder_version=&#8221;3.0.47&#8243; parallax=&#8221;off&#8221; parallax_method=&#8221;on&#8221;][et_pb_text admin_label=&#8221;Citat&#8221; _builder_version=&#8221;3.13&#8243; text_font=&#8221;Alegreya Sans||||||||&#8221; text_text_color=&#8221;#6d509b&#8221; text_font_size=&#8221;24px&#8221; text_line_height=&#8221;2.3em&#8221; text_orientation=&#8221;center&#8221;]<\/p>\n<p>Sverige och v\u00e4rlden f\u00f6r\u00e4ndras. Muslimer och kristna m\u00f6ts, bor och lever tillsammans.<br \/> Med Guds Hus vill vi vara med och best\u00e4mma riktningen p\u00e5 f\u00f6r\u00e4ndringen.<\/p>\n<p>[\/et_pb_text][et_pb_divider color=&#8221;#6d509b&#8221; _builder_version=&#8221;3.13&#8243; max_width=&#8221;40%&#8221; module_alignment=&#8221;center&#8221;][\/et_pb_divider][\/et_pb_column][\/et_pb_row][\/et_pb_section][et_pb_section fb_built=&#8221;1&#8243; disabled_on=&#8221;on|on|on&#8221; _builder_version=&#8221;3.13.1&#8243;][et_pb_row _builder_version=&#8221;3.13.1&#8243;][et_pb_column type=&#8221;4_4&#8243; _builder_version=&#8221;3.0.47&#8243; parallax=&#8221;off&#8221; parallax_method=&#8221;on&#8221;][et_pb_image src=&#8221;http:\/\/gudshus.se\/wp-content\/uploads\/2018\/08\/Hus-vatten-w1080-q6.jpg&#8221; _builder_version=&#8221;3.13.1&#8243; max_width=&#8221;50%&#8221; module_alignment=&#8221;center&#8221;][\/et_pb_image][\/et_pb_column][\/et_pb_row][\/et_pb_section][et_pb_section fb_built=&#8221;1&#8243; _builder_version=&#8221;3.12.1&#8243; custom_padding=&#8221;20px|0px|54px|0px|false|false&#8221;][et_pb_row _builder_version=&#8221;3.6&#8243;][et_pb_column type=&#8221;4_4&#8243; _builder_version=&#8221;3.0.47&#8243; parallax=&#8221;off&#8221; parallax_method=&#8221;on&#8221;][et_pb_text _builder_version=&#8221;3.6&#8243; text_font=&#8221;Alegreya Sans|900|||||||&#8221; text_text_color=&#8221;#e09900&#8243; header_font=&#8221;Alegreya Sans|800|||||||&#8221; header_text_color=&#8221;#000000&#8243;]<\/p>\n<h1>Kom med p\u00e5 bes\u00f6k till Fisks\u00e4tra<\/h1>\n<p>[\/et_pb_text][et_pb_text _builder_version=&#8221;3.13.1&#8243; box_shadow_style=&#8221;preset1&#8243;]<iframe loading=\"lazy\" width=\"560\" height=\"315\" src=\"https:\/\/www.youtube.com\/embed\/xDdf3-LO1xE?rel=0&amp;showinfo=0\" frameborder=\"0\" allow=\"autoplay; encrypted-media\" allowfullscreen><\/iframe>[\/et_pb_text][\/et_pb_column][\/et_pb_row][\/et_pb_section][et_pb_section fb_built=&#8221;1&#8243; _builder_version=&#8221;3.13.1&#8243; background_color=&#8221;#e09900&#8243; box_shadow_style=&#8221;preset1&#8243; custom_padding=&#8221;30px|0px|31px|0px|false|false&#8221;][et_pb_row _builder_version=&#8221;3.13.1&#8243;][et_pb_column type=&#8221;1_2&#8243; _builder_version=&#8221;3.0.47&#8243; parallax=&#8221;off&#8221; parallax_method=&#8221;on&#8221;][et_pb_image src=&#8221;http:\/\/gudshus.se\/wp-content\/uploads\/2018\/09\/Studiebesok-Klar_w1080.jpg&#8221; _builder_version=&#8221;3.13.1&#8243; box_shadow_style=&#8221;preset1&#8243;][\/et_pb_image][\/et_pb_column][et_pb_column type=&#8221;1_2&#8243; _builder_version=&#8221;3.0.47&#8243; parallax=&#8221;off&#8221; parallax_method=&#8221;on&#8221;][et_pb_text _builder_version=&#8221;3.13.1&#8243; text_font=&#8221;||||||||&#8221; text_text_color=&#8221;#ffffff&#8221; text_font_size=&#8221;17px&#8221; header_font=&#8221;||||||||&#8221; header_text_color=&#8221;#ffffff&#8221; header_3_font=&#8221;|800|||||||&#8221; header_3_text_color=&#8221;#ffffff&#8221;]<\/p>\n<h3>Vill ni komma p\u00e5 studiebes\u00f6k?<\/h3>\n<p>M\u00e5nga olika grupper fr\u00e5n f\u00f6rsamlingar, utbildningar, kommuner och organisationer har bes\u00f6kt Fisks\u00e4tra och Guds Hus f\u00f6r att inspireras, utmanas och utvecklas. Vill du och din grupp komma p\u00e5 bes\u00f6k?<\/p>\n<p>Kontakta Pia-Sophia Passmark, pr\u00e4st i Fisks\u00e4tra kyrka<br \/>p&#105;&#x61;&#x2e;s&#111;&#x70;&#x68;i&#97;&#46;&#x70;&#x61;s&#115;&#x6d;&#x61;r&#107;&#x40;&#x73;v&#101;&#110;&#x73;&#x6b;a&#107;&#x79;&#x72;k&#97;&#x6e;&#x2e;s&#101;\u00a0\u2022 tel\u00a00725 26 22 52<\/p>\n<p>[\/et_pb_text][\/et_pb_column][\/et_pb_row][\/et_pb_section][et_pb_section fb_built=&#8221;1&#8243; _builder_version=&#8221;3.13.1&#8243;][et_pb_row _builder_version=&#8221;3.13.1&#8243;][et_pb_column type=&#8221;4_4&#8243; _builder_version=&#8221;3.13.1&#8243; parallax=&#8221;off&#8221; parallax_method=&#8221;on&#8221;][et_pb_image src=&#8221;http:\/\/gudshus.se\/wp-content\/uploads\/2018\/07\/IMG_9438-Aktiviteter-vid-bord-i-samlingsrum-1920&#215;758-q5.jpg&#8221; _builder_version=&#8221;3.13.1&#8243;][\/et_pb_image][\/et_pb_column][\/et_pb_row][et_pb_row custom_padding=&#8221;25.53125px|0px|1px|0px|false|false&#8221; _builder_version=&#8221;3.13.1&#8243;][et_pb_column type=&#8221;4_4&#8243; _builder_version=&#8221;3.0.47&#8243; parallax=&#8221;off&#8221; parallax_method=&#8221;on&#8221;][et_pb_text _builder_version=&#8221;3.13.1&#8243; header_font=&#8221;||||||||&#8221; header_3_font=&#8221;|800|||||||&#8221;]<\/p>\n<h3>Mycket aktivitet p\u00e5g\u00e5r redan idag<\/h3>\n<p>I de befintliga lokalerna i Fisks\u00e4tra kyrka och i mosk\u00e9lokalen p\u00e5g\u00e5r redan mycket verksamhet. Lokalerna \u00e4r fyllda till bredden med aktiviteter. Med ett gemensamt Guds Hus f\u00e5r vi plats f\u00f6r mer aktiviteter och fler m\u00f6ten n\u00e4r vi kommer n\u00e4rmare varandra under ett gemensamt tak.<\/p>\n<p> <em>L\u00e4s mer h\u00e4r om verksamheten som redan p\u00e5g\u00e5r:<\/em><\/p>\n<p>[\/et_pb_text][\/et_pb_column][\/et_pb_row][et_pb_row _builder_version=&#8221;3.13.1&#8243;][et_pb_column type=&#8221;1_2&#8243; _builder_version=&#8221;3.0.47&#8243; parallax=&#8221;off&#8221; parallax_method=&#8221;on&#8221;][et_pb_text _builder_version=&#8221;3.13.1&#8243;]<\/p>\n<p>\u00bb <a href=\"https:\/\/www.svenskakyrkan.se\/nacka\/fisksatrakyrka\" target=\"_blank\" rel=\"noopener noreferrer\">H\u00e4nder i Nacka f\u00f6rsamling och Fisks\u00e4tra kyrka<\/a><\/p>\n<p>\u00bb <a href=\"http:\/\/www.katolskakyrkannacka.se\/\" target=\"_blank\" rel=\"noopener noreferrer\">P\u00e5 g\u00e5ng i S:t Konrads katolska f\u00f6rsamling<\/a><\/p>\n<p>[\/et_pb_text][\/et_pb_column][et_pb_column type=&#8221;1_2&#8243; _builder_version=&#8221;3.0.47&#8243; parallax=&#8221;off&#8221; parallax_method=&#8221;on&#8221;][et_pb_text _builder_version=&#8221;3.13.1&#8243;]<\/p>\n<p>\u00bb <a href=\"https:\/\/www.facebook.com\/Fisksatramoske\/\" target=\"_blank\" rel=\"noopener noreferrer\">Aktiviteter i Nacka muslimska f\u00f6rening<\/a><\/p>\n<p>\u00bb <a href=\"http:\/\/gudshusvan.se\" target=\"_blank\" rel=\"noopener noreferrer\">Verksamhet i Guds Hus v\u00e4nf\u00f6rening<\/a><\/p>\n<p>[\/et_pb_text][\/et_pb_column][\/et_pb_row][et_pb_row _builder_version=&#8221;3.13.1&#8243;][et_pb_column type=&#8221;4_4&#8243; _builder_version=&#8221;3.13.1&#8243; parallax=&#8221;off&#8221; parallax_method=&#8221;on&#8221;][et_pb_text _builder_version=&#8221;3.13.1&#8243; text_font=&#8221;Alegreya Sans|700|||||||&#8221; text_font_size=&#8221;26px&#8221;]<\/p>\n<p style=\"text-align: center;\">V\u00e4lkommen till Fisks\u00e4tra och Guds Hus!<\/p>\n<p>[\/et_pb_text][\/et_pb_column][\/et_pb_row][\/et_pb_section][et_pb_section fb_built=&#8221;1&#8243; prev_background_color=&#8221;#ffffff&#8221; admin_label=&#8221;Sektion Bli en fredsbyggare&#8221; _builder_version=&#8221;3.13.1&#8243; background_color=&#8221;#c9384e&#8221; custom_padding=&#8221;50.1875px|0px|1px|0px|false|false&#8221; top_divider_style=&#8221;arrow2&#8243; top_divider_height=&#8221;40px&#8221; top_divider_flip=&#8221;horizontal&#8221; bottom_divider_height=&#8221;40px&#8221; bottom_divider_flip=&#8221;horizontal&#8221; global_module=&#8221;713&#8243;][et_pb_row custom_padding=&#8221;58px|0px|25.453125px|0px|false|false&#8221; _builder_version=&#8221;3.12.1&#8243;][et_pb_column type=&#8221;4_4&#8243; _builder_version=&#8221;3.0.47&#8243; parallax=&#8221;off&#8221; parallax_method=&#8221;on&#8221;][et_pb_text _builder_version=&#8221;3.12.1&#8243; text_font=&#8221;Open Sans||||||||&#8221; text_text_color=&#8221;#ffffff&#8221; text_font_size=&#8221;17px&#8221; text_text_shadow_style=&#8221;preset3&#8243; header_font=&#8221;Alegreya Sans|900|||||||&#8221; header_text_color=&#8221;#ffffff&#8221; header_font_size=&#8221;62px&#8221;]<\/p>\n<h1 style=\"text-align: center;\">Bli en fredsbyggare<\/h1>\n<p><strong>Du kan bidra \u2013\u00a0<\/strong>\u00a0med pengar, tid eller engagemang. Ge en g\u00e5va enkelt via swish, eller bli m\u00e5nadsgivare och bidra regelbundet. Som f\u00f6retag eller organisation kan du bli Guds Hus-partner och g\u00f6ra stor skillnad. Med tegelstenar kan man bygga murar mellan m\u00e4nniskor \u2013 vi v\u00e4ljer att bygga en plats d\u00e4r m\u00e4nniskor kan m\u00f6tas \u00f6ver gr\u00e4nser och bortom f\u00f6rdomar.<\/p>\n<p>[\/et_pb_text][\/et_pb_column][\/et_pb_row][et_pb_row custom_padding=&#8221;0|0px|0|0px|false|false&#8221; _builder_version=&#8221;3.12.1&#8243;][et_pb_column type=&#8221;4_4&#8243; _builder_version=&#8221;3.0.47&#8243; parallax=&#8221;off&#8221; parallax_method=&#8221;on&#8221;][et_pb_button button_url=&#8221;\/stod-guds-hus&#8221; button_text=&#8221;S\u00e5 h\u00e4r kan du bidra&#8221; button_alignment=&#8221;center&#8221; _builder_version=&#8221;3.12.1&#8243; background_layout=&#8221;dark&#8221;]<\/p>\n<p>\u00a0<\/p>\n<p>[\/et_pb_button][\/et_pb_column][\/et_pb_row][\/et_pb_section][et_pb_section fb_built=&#8221;1&#8243; prev_background_color=&#8221;#c9384e&#8221; admin_label=&#8221;Sektion Nyhetsbrev&#8221; _builder_version=&#8221;3.13.1&#8243; background_color=&#8221;#e09900&#8243; custom_padding=&#8221;62px|0px|0|0px|false|false&#8221; top_divider_style=&#8221;arrow2&#8243; top_divider_height=&#8221;70px&#8221; global_module=&#8221;547&#8243; saved_tabs=&#8221;all&#8221;][et_pb_row custom_padding=&#8221;40px|0px|25.453125px|0px|false|false&#8221; _builder_version=&#8221;3.12.1&#8243; background_size=&#8221;initial&#8221; background_position=&#8221;top_left&#8221; background_repeat=&#8221;repeat&#8221; animation_direction=&#8221;left&#8221;][et_pb_column type=&#8221;1_2&#8243; _builder_version=&#8221;3.0.47&#8243; parallax=&#8221;off&#8221; parallax_method=&#8221;on&#8221;][et_pb_text _builder_version=&#8221;3.12.1&#8243; text_font=&#8221;Open Sans||||||||&#8221; text_text_color=&#8221;#ffffff&#8221; text_font_size=&#8221;17px&#8221; text_text_shadow_style=&#8221;preset3&#8243; header_font=&#8221;Alegreya Sans|300|||||||&#8221; header_text_color=&#8221;#ffffff&#8221; header_font_size=&#8221;40px&#8221;]<\/p>\n<h1>L\u00e5t oss ber\u00e4tta vad som h\u00e4nder\u2026<\/h1>\n<p><strong>\u2026 s\u00e5 kan du ber\u00e4tta f\u00f6r andra.<\/strong>\u00a0Anm\u00e4l dig till nyhetsbrevet s\u00e5 h\u00e5ller vi dig underr\u00e4ttad om hur arbetet fortskrider.<\/p>\n<p>I nyhetsbrevet bjuder vi ocks\u00e5 in till aktuella aktiviteter och h\u00e4ndelser. Nyhetsbrevet utkommer ca 4\u20136 g\u00e5nger per \u00e5r, du kan n\u00e4r som helst s\u00e4ga upp prenumerationen med ett enkel klick.<\/p>\n<p>[\/et_pb_text][\/et_pb_column][et_pb_column type=&#8221;1_2&#8243; _builder_version=&#8221;3.0.47&#8243; parallax=&#8221;off&#8221; parallax_method=&#8221;on&#8221;][et_pb_signup mailchimp_list=&#8221;Testkonto|45a70529de&#8221; mailchimp_account_name=&#8221;Testkonto&#8221; mailchimp_api_key=&#8221;8bfed581e4a3604726d19122c6c01c1c-us1&#8243; title=&#8221;Skicka mig nyhetsbrevet&#8221; _builder_version=&#8221;3.13.1&#8243; header_level=&#8221;h5&#8243; header_font=&#8221;|800|||||||&#8221; form_field_font=&#8221;||||||||&#8221; background_color=&#8221;#e09900&#8243; custom_margin=&#8221;0px|||&#8221; custom_padding=&#8221;0px|||&#8221;][\/et_pb_signup][\/et_pb_column][\/et_pb_row][\/et_pb_section][et_pb_section fb_built=&#8221;1&#8243; _builder_version=&#8221;3.12.1&#8243; background_color=&#8221;#000000&#8243; global_module=&#8221;585&#8243;][et_pb_row _builder_version=&#8221;3.12.1&#8243;][et_pb_column type=&#8221;1_4&#8243; _builder_version=&#8221;3.0.47&#8243; parallax=&#8221;off&#8221; parallax_method=&#8221;on&#8221;][et_pb_image src=&#8221;http:\/\/gudshus.se\/wp-content\/uploads\/2018\/06\/Logo-Guds-Hus-vit-svbg-w776.png&#8221; _builder_version=&#8221;3.12.1&#8243;][\/et_pb_image][et_pb_text _builder_version=&#8221;3.12.1&#8243; text_font=&#8221;||||||||&#8221; text_font_size=&#8221;16px&#8221; text_line_height=&#8221;1.5em&#8221;]<\/p>\n<p><em>Slagkraftig sammanfattning av id\u00e9 och arbete \u2013 en mini-v\u00e4rdegrund p\u00e5 s\u00e4tt och vis.<\/em><\/p>\n<p>[\/et_pb_text][\/et_pb_column][et_pb_column type=&#8221;1_4&#8243; _builder_version=&#8221;3.0.47&#8243; parallax=&#8221;off&#8221; parallax_method=&#8221;on&#8221;][et_pb_text _builder_version=&#8221;3.13.1&#8243; text_font=&#8221;||||||||&#8221; text_text_color=&#8221;#ffffff0.6&#8243; text_font_size=&#8221;15px&#8221; text_line_height=&#8221;1.4em&#8221; header_font=&#8221;||||||||&#8221;]<\/p>\n<p><a href=\"\/om-guds-hus\"><strong>Om Guds Hus<\/strong><\/a><br \/><em>D\u00e4r m\u00e4nniskor m\u00f6ts.<br \/>Id\u00e9, historia och framtid.<\/em><\/p>\n<p>\u00bb <a href=\"\/fragor-svar\">Fr\u00e5gor &amp; Svar<\/a><\/p>\n<p>\u00bb <a href=\"\/roster-om-guds-hus\">R\u00f6ster om Guds Hus<\/a><\/p>\n<p>\u00bb <a href=\"\/valkommen-till-fisksatra\">Kom p\u00e5 bes\u00f6k<\/a><\/p>\n<p>[\/et_pb_text][\/et_pb_column][et_pb_column type=&#8221;1_4&#8243; _builder_version=&#8221;3.0.47&#8243; parallax=&#8221;off&#8221; parallax_method=&#8221;on&#8221;][et_pb_text _builder_version=&#8221;3.13.1&#8243; text_font=&#8221;||||||||&#8221; text_font_size=&#8221;15px&#8221; text_line_height=&#8221;1.4em&#8221;]<\/p>\n<p><a href=\"\/byggnaden\"><strong>Byggnaden<\/strong><\/a><br \/> <em>Ett Guds hus f\u00f6r m\u00e4nniskor<\/em><\/p>\n<p>[\/et_pb_text][et_pb_text _builder_version=&#8221;3.13.1&#8243; text_font=&#8221;||||||||&#8221; text_font_size=&#8221;15px&#8221; text_line_height=&#8221;1.4em&#8221;]<\/p>\n<p><a href=\"\/aktuellt\"><strong>Aktuellt<\/strong><\/a><br \/><em>Kalendarium och artiklar<\/em><\/p>\n<p>[\/et_pb_text][et_pb_text _builder_version=&#8221;3.13.1&#8243; text_font=&#8221;||||||||&#8221; text_font_size=&#8221;15px&#8221; text_line_height=&#8221;1.4em&#8221;]<\/p>\n<p><a href=\"\/kontakt\"><strong>Kontakt<\/strong><\/a><br \/><em>Adresser och kontaktpersoner<\/em><\/p>\n<p>[\/et_pb_text][\/et_pb_column][et_pb_column type=&#8221;1_4&#8243; _builder_version=&#8221;3.0.47&#8243; parallax=&#8221;off&#8221; parallax_method=&#8221;on&#8221;][et_pb_text _builder_version=&#8221;3.13.1&#8243; text_font=&#8221;||||||||&#8221; text_font_size=&#8221;15px&#8221; text_line_height=&#8221;1.4em&#8221;]<\/p>\n<p><a href=\"\/stod-guds-hus\"><strong>St\u00f6d Guds Hus<\/strong><\/a><br \/><em>Du kan bidra p\u00e5 m\u00e5nga s\u00e4tt<\/em><\/p>\n<p>\u00bb <a href=\"\/gava\">Ge en g\u00e5va<\/a><\/p>\n<p>\u00bb <a href=\"\/manadsgivare\">Bli M\u00e5nadsgivare<\/a><\/p>\n<p>\u00bb <a href=\"\/foretagsvan\">F\u00f6retagsv\u00e4nner<\/a><\/p>\n<p>\u00bb <a href=\"http:\/\/www.gudshusvan.se\" target=\"_blank\" rel=\"noopener noreferrer\">V\u00e4nf\u00f6reningen<\/a><\/p>\n<p>[\/et_pb_text][\/et_pb_column][\/et_pb_row][\/et_pb_section]<\/p>\n","protected":false},"excerpt":{"rendered":"<p>V\u00e4lkommen till Fisks\u00e4tra I Fisks\u00e4tra har v\u00e4rlden f\u00f6rt m\u00e4nniskor och nationer n\u00e4rmare varandra. Bland de 8.000 inv\u00e5narna finns m\u00e4nniskor med r\u00f6tter i ett \u00e5ttiotal olika l\u00e4nder. Guds Hus och dess verksamhet vill vara ett bidrag till att \u00f6ka tilliten, kunskapen och respekten f\u00f6r varandra. D\u00e4r spelar de religi\u00f6sa samfunden en mycket viktig roll f\u00f6r en [&hellip;]<\/p>\n","protected":false},"author":1,"featured_media":0,"parent":0,"menu_order":0,"comment_status":"closed","ping_status":"closed","template":"","meta":{"_et_pb_use_builder":"on","_et_pb_old_content":"","_et_gb_content_width":"","footnotes":""},"class_list":["post-757","page","type-page","status-publish","hentry"],"_links":{"self":[{"href":"https:\/\/gudshus.se\/en\/wp-json\/wp\/v2\/pages\/757","targetHints":{"allow":["GET"]}}],"collection":[{"href":"https:\/\/gudshus.se\/en\/wp-json\/wp\/v2\/pages"}],"about":[{"href":"https:\/\/gudshus.se\/en\/wp-json\/wp\/v2\/types\/page"}],"author":[{"embeddable":true,"href":"https:\/\/gudshus.se\/en\/wp-json\/wp\/v2\/users\/1"}],"replies":[{"embeddable":true,"href":"https:\/\/gudshus.se\/en\/wp-json\/wp\/v2\/comments?post=757"}],"version-history":[{"count":14,"href":"https:\/\/gudshus.se\/en\/wp-json\/wp\/v2\/pages\/757\/revisions"}],"predecessor-version":[{"id":1083,"href":"https:\/\/gudshus.se\/en\/wp-json\/wp\/v2\/pages\/757\/revisions\/1083"}],"wp:attachment":[{"href":"https:\/\/gudshus.se\/en\/wp-json\/wp\/v2\/media?parent=757"}],"curies":[{"name":"wp","href":"https:\/\/api.w.org\/{rel}","templated":true}]}}