{"id":969,"date":"2018-09-12T06:33:47","date_gmt":"2018-09-12T04:33:47","guid":{"rendered":"http:\/\/gudshus.se\/?page_id=969"},"modified":"2019-02-06T12:05:12","modified_gmt":"2019-02-06T11:05:12","slug":"gava","status":"publish","type":"page","link":"https:\/\/gudshus.se\/en\/gava\/","title":{"rendered":"Donate"},"content":{"rendered":"<p>[et_pb_section fb_built=&#8221;1&#8243; admin_label=&#8221;Sektion intro&#8221; _builder_version=&#8221;3.9&#8243; custom_padding=&#8221;88px|0px|26px|0px|false|false&#8221;][et_pb_row custom_padding=&#8221;31px|0px|0|0px|false|false&#8221; custom_margin=&#8221;||0px|&#8221; admin_label=&#8221;Rad intro&#8221; _builder_version=&#8221;3.13.1&#8243; background_size=&#8221;initial&#8221; background_position=&#8221;top_left&#8221; background_repeat=&#8221;repeat&#8221;][et_pb_column type=&#8221;4_4&#8243; _builder_version=&#8221;3.0.47&#8243; parallax=&#8221;off&#8221; parallax_method=&#8221;on&#8221;][et_pb_text quote_border_weight=&#8221;7px&#8221; _builder_version=&#8221;3.7&#8243; text_font=&#8221;Open Sans||||||||&#8221; quote_font=&#8221;Alegreya Sans|900|||||||&#8221; quote_font_size=&#8221;22px&#8221; header_font=&#8221;Alegreya Sans|900|||||||&#8221; header_font_size=&#8221;40px&#8221; inline_fonts=&#8221;Alegreya Sans&#8221;]<\/p>\n<h1>Ge en g\u00e5va till Guds Hus<\/h1>\n<p><span style=\"font-size: 18px;\">\u00a0<\/span><\/p>\n<p>[\/et_pb_text][\/et_pb_column][\/et_pb_row][et_pb_row _builder_version=&#8221;3.13.1&#8243;][et_pb_column type=&#8221;1_4&#8243; _builder_version=&#8221;3.0.47&#8243; parallax=&#8221;off&#8221; parallax_method=&#8221;on&#8221;][et_pb_image src=&#8221;http:\/\/gudshus.se\/wp-content\/uploads\/2018\/10\/Tegelsten-lila-bg-sq613.png&#8221; module_class=&#8221;circular&#8221; _builder_version=&#8221;3.17.1&#8243; max_width_tablet=&#8221;40%&#8221; max_width_phone=&#8221;50%&#8221; max_width_last_edited=&#8221;on|phone&#8221;][\/et_pb_image][\/et_pb_column][et_pb_column type=&#8221;3_4&#8243; _builder_version=&#8221;3.0.47&#8243; parallax=&#8221;off&#8221; parallax_method=&#8221;on&#8221;][et_pb_text _builder_version=&#8221;3.13.1&#8243;]<\/p>\n<p><strong>Tycker du Guds Hus \u00e4r en bra id\u00e9 f\u00f6r v\u00e5r tid? Visa g\u00e4rna ditt st\u00f6d genom att bidra till bygget med en g\u00e5va.<\/strong><\/p>\n<p>K\u00f6p en tegelsten f\u00f6r en hundring eller ge bort fem som en annorlunda g\u00e5va till n\u00e5gon speciell. Varje hundring, varje tegelsten, \u00e4r en viktig del i bygget av Guds Hus.<\/p>\n<p><em>Inget bidrag \u00e4r f\u00f6r litet eller f\u00f6r stort. Sten f\u00f6r sten bygger vi v\u00e5r m\u00f6tesplats.<\/em><\/p>\n<p>[\/et_pb_text][\/et_pb_column][\/et_pb_row][et_pb_row _builder_version=&#8221;3.13.1&#8243;][et_pb_column type=&#8221;4_4&#8243; _builder_version=&#8221;3.0.47&#8243; parallax=&#8221;off&#8221; parallax_method=&#8221;on&#8221;][et_pb_divider _builder_version=&#8221;3.13.1&#8243;][\/et_pb_divider][\/et_pb_column][\/et_pb_row][et_pb_row _builder_version=&#8221;3.15&#8243;][et_pb_column type=&#8221;1_4&#8243; _builder_version=&#8221;3.15&#8243; parallax=&#8221;off&#8221; parallax_method=&#8221;on&#8221;][et_pb_image src=&#8221;http:\/\/gudshus.se\/wp-content\/uploads\/2018\/07\/swish_logo_primary_RGB.png&#8221; align=&#8221;center&#8221; _builder_version=&#8221;3.15&#8243; max_width=&#8221;60%&#8221; max_width_tablet=&#8221;20%&#8221; max_width_phone=&#8221;30%&#8221; max_width_last_edited=&#8221;on|phone&#8221;][\/et_pb_image][\/et_pb_column][et_pb_column type=&#8221;1_2&#8243; _builder_version=&#8221;3.15&#8243; parallax=&#8221;off&#8221; parallax_method=&#8221;on&#8221;][et_pb_text _builder_version=&#8221;3.15&#8243;]<strong>Swisha enkelt. <\/strong>Du kan enkelt och smidigt swisha ditt bidrag till Guds Hus via Swish till nummer <strong><a href=\"javascript: void(0)\">123 228 8017<\/a><\/strong> (mottagare: Insamlingsstiftelsen Guds Hus).<\/p>\n<p>Scanna qr-koden bredvid med swish-appen s\u00e5 beh\u00f6ver du bara fylla i \u00f6nskat belopp och godk\u00e4nna.[\/et_pb_text][\/et_pb_column][et_pb_column type=&#8221;1_4&#8243; _builder_version=&#8221;3.15&#8243; parallax=&#8221;off&#8221; parallax_method=&#8221;on&#8221;][et_pb_gallery gallery_ids=&#8221;1777&#8243; fullwidth=&#8221;on&#8221; db_images_per_row=&#8221;1&#8243; db_image_object_fit=&#8221;contain&#8221; _builder_version=&#8221;3.15&#8243; max_width_phone=&#8221;60%&#8221; max_width_last_edited=&#8221;on|phone&#8221;][\/et_pb_gallery][\/et_pb_column][\/et_pb_row][et_pb_row _builder_version=&#8221;3.13.1&#8243;][et_pb_column type=&#8221;4_4&#8243; _builder_version=&#8221;3.0.47&#8243; parallax=&#8221;off&#8221; parallax_method=&#8221;on&#8221;][et_pb_divider _builder_version=&#8221;3.13.1&#8243;][\/et_pb_divider][\/et_pb_column][\/et_pb_row][et_pb_row _builder_version=&#8221;3.15&#8243;][et_pb_column type=&#8221;1_4&#8243; _builder_version=&#8221;3.15&#8243; parallax=&#8221;off&#8221; parallax_method=&#8221;on&#8221;][et_pb_image src=&#8221;http:\/\/gudshus.se\/wp-content\/uploads\/2018\/09\/bankgirot-logo.png&#8221; align=&#8221;center&#8221; _builder_version=&#8221;3.15&#8243; max_width=&#8221;62%&#8221; max_width_tablet=&#8221;40%&#8221; max_width_phone=&#8221;50%&#8221; max_width_last_edited=&#8221;on|desktop&#8221;][\/et_pb_image][\/et_pb_column][et_pb_column type=&#8221;1_2&#8243; _builder_version=&#8221;3.15&#8243; parallax=&#8221;off&#8221; parallax_method=&#8221;on&#8221;][et_pb_text _builder_version=&#8221;3.15&#8243;]<strong>Betala till bankgiro. <\/strong>Skicka din g\u00e5va till bankgiro-konto\u00a0<strong><a href=\"javascript: void(0)\">621-0728<\/a><\/strong>\u00a0(mottagare: Insamlingsstiftelsen Guds Hus).<\/p>\n<p>Betala via din internetbank eller p\u00e5 det s\u00e4tt som du betalar dina vanliga r\u00e4kningar.[\/et_pb_text][\/et_pb_column][et_pb_column type=&#8221;1_4&#8243; _builder_version=&#8221;3.15&#8243; parallax=&#8221;off&#8221; parallax_method=&#8221;on&#8221;][\/et_pb_column][\/et_pb_row][et_pb_row _builder_version=&#8221;3.13.1&#8243;][et_pb_column type=&#8221;4_4&#8243; _builder_version=&#8221;3.0.47&#8243; parallax=&#8221;off&#8221; parallax_method=&#8221;on&#8221;][et_pb_divider _builder_version=&#8221;3.13.1&#8243;][\/et_pb_divider][\/et_pb_column][\/et_pb_row][et_pb_row custom_padding=&#8221;0|0px|27px|0px|false|false&#8221; _builder_version=&#8221;3.15&#8243; module_alignment=&#8221;center&#8221;][et_pb_column type=&#8221;1_4&#8243; _builder_version=&#8221;3.0.47&#8243; parallax=&#8221;off&#8221; parallax_method=&#8221;on&#8221;][et_pb_text _builder_version=&#8221;3.19&#8243; text_font=&#8221;||||||||&#8221; text_font_size=&#8221;15px&#8221;]<\/p>\n<h3 style=\"text-align: left;\"><strong>International bank transfers<\/strong><\/h3>\n<p>[\/et_pb_text][\/et_pb_column][et_pb_column type=&#8221;1_2&#8243; _builder_version=&#8221;3.0.47&#8243; parallax=&#8221;off&#8221; parallax_method=&#8221;on&#8221;][et_pb_text _builder_version=&#8221;3.19&#8243; text_font=&#8221;||||||||&#8221;]<\/p>\n<p>For international payments\u00a0use<br \/> IBAN account: SE07 8000 0832 7994 3745 4771<br \/> BIC\/SWIFT address: SWEDSESS<\/p>\n<p>[\/et_pb_text][\/et_pb_column][et_pb_column type=&#8221;1_4&#8243; _builder_version=&#8221;3.0.47&#8243; parallax=&#8221;off&#8221; parallax_method=&#8221;on&#8221;][\/et_pb_column][\/et_pb_row][et_pb_row disabled_on=&#8221;off|off|off&#8221; _builder_version=&#8221;3.15&#8243;][et_pb_column type=&#8221;4_4&#8243; _builder_version=&#8221;3.0.47&#8243; parallax=&#8221;off&#8221; parallax_method=&#8221;on&#8221;][et_pb_divider _builder_version=&#8221;3.13.1&#8243;][\/et_pb_divider][\/et_pb_column][\/et_pb_row][et_pb_row custom_padding=&#8221;|||&#8221; custom_margin=&#8221;0px||0px|&#8221; padding_left_1=&#8221;0px&#8221; _builder_version=&#8221;3.15&#8243;][et_pb_column type=&#8221;1_4&#8243; _builder_version=&#8221;3.15&#8243; padding_left=&#8221;0px&#8221; parallax=&#8221;off&#8221; parallax_method=&#8221;on&#8221;][et_pb_image src=&#8221;http:\/\/gudshus.se\/wp-content\/uploads\/2018\/10\/IMG_1046-Leo_W600.jpg&#8221; align=&#8221;center&#8221; module_class=&#8221;circular&#8221; _builder_version=&#8221;3.15&#8243; max_width_tablet=&#8221;40%&#8221; max_width_phone=&#8221;50%&#8221; max_width_last_edited=&#8221;on|desktop&#8221;][\/et_pb_image][\/et_pb_column][et_pb_column type=&#8221;1_2&#8243; _builder_version=&#8221;3.15&#8243; parallax=&#8221;off&#8221; parallax_method=&#8221;on&#8221;][et_pb_text _builder_version=&#8221;3.15&#8243; text_font=&#8221;Alegreya Sans|300|||||||&#8221; text_font_size=&#8221;22px&#8221; text_line_height=&#8221;1.6em&#8221; header_font=&#8221;||||||||&#8221; header_4_font=&#8221;|600||on|||||&#8221; header_4_text_color=&#8221;#6d509b&#8221; header_4_font_size=&#8221;17px&#8221; header_4_letter_spacing=&#8221;2px&#8221; header_4_line_height=&#8221;1.6em&#8221;]<\/p>\n<h4 style=\"text-align: center;\">d\u00e4rf\u00f6r bidrar jag till guds hus<\/h4>\n<p>\u201dJag st\u00f6der Guds Hus f\u00f6r att det ger m\u00f6jlighet till gemenskap \u00f6ver tros- och kulturgr\u00e4nser. Den gemenskapen \u00e4r viktig f\u00f6r att skapa ett samh\u00e4lle med plats f\u00f6r alla.\u201d<\/p>\n<p>\u2013 Lars-Erik Olsson, Farsta<\/p>\n<p>[\/et_pb_text][\/et_pb_column][et_pb_column type=&#8221;1_4&#8243; _builder_version=&#8221;3.15&#8243; parallax=&#8221;off&#8221; parallax_method=&#8221;on&#8221;][\/et_pb_column][\/et_pb_row][et_pb_row disabled_on=&#8221;off|off|off&#8221; _builder_version=&#8221;3.15&#8243;][et_pb_column type=&#8221;4_4&#8243; _builder_version=&#8221;3.0.47&#8243; parallax=&#8221;off&#8221; parallax_method=&#8221;on&#8221;][et_pb_divider _builder_version=&#8221;3.13.1&#8243;][\/et_pb_divider][\/et_pb_column][\/et_pb_row][et_pb_row custom_padding=&#8221;39px|20px|38px|20px|false|false&#8221; _builder_version=&#8221;3.15&#8243; background_color=&#8221;rgba(244,209,62,0.42)&#8221; border_radii=&#8221;on|20px|20px|20px|20px&#8221; module_alignment=&#8221;center&#8221;][et_pb_column type=&#8221;1_4&#8243; _builder_version=&#8221;3.0.47&#8243; parallax=&#8221;off&#8221; parallax_method=&#8221;on&#8221;][et_pb_image src=&#8221;http:\/\/gudshus.se\/wp-content\/uploads\/2018\/09\/Murslev-r\u00f6d-bg-sq817.png&#8221; align=&#8221;center&#8221; always_center_on_mobile=&#8221;off&#8221; module_class=&#8221;circular&#8221; _builder_version=&#8221;3.15&#8243; max_width=&#8221;55%&#8221; max_width_tablet=&#8221;30%&#8221; max_width_phone=&#8221;40%&#8221; max_width_last_edited=&#8221;on|tablet&#8221; module_alignment=&#8221;center&#8221;][\/et_pb_image][\/et_pb_column][et_pb_column type=&#8221;1_2&#8243; _builder_version=&#8221;3.0.47&#8243; parallax=&#8221;off&#8221; parallax_method=&#8221;on&#8221;][et_pb_text _builder_version=&#8221;3.13.1&#8243;]<\/p>\n<p><strong>Vill du vara med och l\u00e4gga grunden<\/strong> f\u00f6r Guds Hus med regelbundna g\u00e5vor \u2013 bli <em><strong>M\u00e5nadsgivare<\/strong><\/em> s\u00e5 bidrar du automatiskt varje m\u00e5nad till att bygga Guds Hus.<\/p>\n<p>[\/et_pb_text][\/et_pb_column][et_pb_column type=&#8221;1_4&#8243; _builder_version=&#8221;3.0.47&#8243; parallax=&#8221;off&#8221; parallax_method=&#8221;on&#8221;][et_pb_button button_url=&#8221;\/manadsgivare&#8221; button_text=&#8221;L\u00e4s mer&#8221; button_alignment=&#8221;center&#8221; _builder_version=&#8221;3.16&#8243; custom_button=&#8221;on&#8221; button_text_color=&#8221;#c9384e&#8221; button_font=&#8221;||||||||&#8221; button_text_size_tablet=&#8221;20px&#8221; button_text_size_last_edited=&#8221;off|desktop&#8221; button_text_size__hover_enabled=&#8221;off&#8221; button_one_text_size__hover_enabled=&#8221;off&#8221; button_two_text_size__hover_enabled=&#8221;off&#8221; button_text_color__hover_enabled=&#8221;off&#8221; button_one_text_color__hover_enabled=&#8221;off&#8221; button_two_text_color__hover_enabled=&#8221;off&#8221; button_border_width__hover_enabled=&#8221;off&#8221; button_one_border_width__hover_enabled=&#8221;off&#8221; button_two_border_width__hover_enabled=&#8221;off&#8221; button_border_color__hover_enabled=&#8221;off&#8221; button_one_border_color__hover_enabled=&#8221;off&#8221; button_two_border_color__hover_enabled=&#8221;off&#8221; button_border_radius__hover_enabled=&#8221;off&#8221; button_one_border_radius__hover_enabled=&#8221;off&#8221; button_two_border_radius__hover_enabled=&#8221;off&#8221; button_letter_spacing__hover_enabled=&#8221;off&#8221; button_one_letter_spacing__hover_enabled=&#8221;off&#8221; button_two_letter_spacing__hover_enabled=&#8221;off&#8221; button_bg_color__hover_enabled=&#8221;off&#8221; button_one_bg_color__hover_enabled=&#8221;off&#8221; button_two_bg_color__hover_enabled=&#8221;off&#8221;][\/et_pb_button][\/et_pb_column][\/et_pb_row][\/et_pb_section][et_pb_section fb_built=&#8221;1&#8243; prev_background_color=&#8221;#ffffff&#8221; admin_label=&#8221;Sektion Nyhetsbrev&#8221; _builder_version=&#8221;3.15&#8243; background_color=&#8221;#c9384e&#8221; custom_padding=&#8221;62px|0px|0|0px|false|false&#8221; top_divider_style=&#8221;arrow2&#8243; top_divider_height=&#8221;40px&#8221; top_divider_arrangement=&#8221;above_content&#8221; global_module=&#8221;547&#8243; saved_tabs=&#8221;all&#8221;][et_pb_row custom_padding=&#8221;25.5938px|0px|0|0px|false|false&#8221; _builder_version=&#8221;3.15&#8243;][et_pb_column type=&#8221;4_4&#8243; _builder_version=&#8221;3.0.47&#8243; parallax=&#8221;off&#8221; parallax_method=&#8221;on&#8221;][et_pb_text _builder_version=&#8221;3.15&#8243; text_font=&#8221;||||||||&#8221; text_text_shadow_style=&#8221;preset3&#8243; header_font=&#8221;Alegreya Sans|900|||||||&#8221; header_text_color=&#8221;#ffffff&#8221; header_font_size=&#8221;62px&#8221; header_font_size_phone=&#8221;50px&#8221; header_font_size_last_edited=&#8221;on|phone&#8221;]<\/p>\n<h1 style=\"text-align: center;\">H\u00e5ll dig informerad<\/h1>\n<p>[\/et_pb_text][\/et_pb_column][\/et_pb_row][et_pb_row custom_padding=&#8221;0|0px|0|0px|false|false&#8221; _builder_version=&#8221;3.15&#8243;][et_pb_column type=&#8221;4_4&#8243; _builder_version=&#8221;3.0.47&#8243; parallax=&#8221;off&#8221; parallax_method=&#8221;on&#8221;][\/et_pb_column][\/et_pb_row][et_pb_row custom_padding=&#8221;2px|0px|44px|0px|false|false&#8221; _builder_version=&#8221;3.12.1&#8243; background_size=&#8221;initial&#8221; background_position=&#8221;top_left&#8221; background_repeat=&#8221;repeat&#8221; animation_direction=&#8221;left&#8221;][et_pb_column type=&#8221;1_2&#8243; _builder_version=&#8221;3.0.47&#8243; parallax=&#8221;off&#8221; parallax_method=&#8221;on&#8221;][et_pb_text _builder_version=&#8221;3.15&#8243; text_font=&#8221;Open Sans||||||||&#8221; text_text_color=&#8221;#ffffff&#8221; text_font_size=&#8221;17px&#8221; text_text_shadow_style=&#8221;preset3&#8243; header_font=&#8221;Alegreya Sans|300|||||||&#8221; header_text_color=&#8221;#ffffff&#8221; header_font_size=&#8221;40px&#8221;]<\/p>\n<p><strong>L\u00e5t oss ber\u00e4tta vad som h\u00e4nder, <\/strong>s\u00e5 kan du ber\u00e4tta f\u00f6r andra<strong>.\u00a0<\/strong><span style=\"font-size: 17px;\">I nyhetsbrevet ber\u00e4ttar vi hur arbetet fortskrider och bjuder in till olika aktiviteter. <\/span><\/p>\n<p><span style=\"font-size: 17px;\">Nyhetsbrevet skickas ca 4\u20136 g\u00e5nger per \u00e5r. Du kan n\u00e4r som helst s\u00e4ga upp prenumerationen med ett enkelt klick.<\/span><\/p>\n<p>[\/et_pb_text][\/et_pb_column][et_pb_column type=&#8221;1_2&#8243; _builder_version=&#8221;3.0.47&#8243; parallax=&#8221;off&#8221; parallax_method=&#8221;on&#8221;][et_pb_signup mailchimp_list=&#8221;Guds Hus|3b1c15454f&#8221; name_field=&#8221;on&#8221; success_message=&#8221;Tack f\u00f6r din anm\u00e4lan. N\u00e4sta nyhetsbrev kommer skickas direkt till din inbox.&#8221; title=&#8221;Skicka mig nyhetsbrevet&#8221; _builder_version=&#8221;3.16&#8243; header_level=&#8221;h5&#8243; header_font=&#8221;|800|||||||&#8221; result_message_font=&#8221;Open Sans|600|||||||&#8221; result_message_font_size=&#8221;18px&#8221; result_message_line_height=&#8221;1.3em&#8221; use_background_color=&#8221;off&#8221; custom_margin=&#8221;0px|||&#8221; custom_padding=&#8221;0px|||&#8221; button_text_size__hover_enabled=&#8221;off&#8221; button_one_text_size__hover_enabled=&#8221;off&#8221; button_two_text_size__hover_enabled=&#8221;off&#8221; button_text_color__hover_enabled=&#8221;off&#8221; button_one_text_color__hover_enabled=&#8221;off&#8221; button_two_text_color__hover_enabled=&#8221;off&#8221; button_border_width__hover_enabled=&#8221;off&#8221; button_one_border_width__hover_enabled=&#8221;off&#8221; button_two_border_width__hover_enabled=&#8221;off&#8221; button_border_color__hover_enabled=&#8221;off&#8221; button_one_border_color__hover_enabled=&#8221;off&#8221; button_two_border_color__hover_enabled=&#8221;off&#8221; button_border_radius__hover_enabled=&#8221;off&#8221; button_one_border_radius__hover_enabled=&#8221;off&#8221; button_two_border_radius__hover_enabled=&#8221;off&#8221; button_letter_spacing__hover_enabled=&#8221;off&#8221; button_one_letter_spacing__hover_enabled=&#8221;off&#8221; button_two_letter_spacing__hover_enabled=&#8221;off&#8221; button_bg_color__hover_enabled=&#8221;off&#8221; button_one_bg_color__hover_enabled=&#8221;off&#8221; button_two_bg_color__hover_enabled=&#8221;off&#8221;][\/et_pb_signup][\/et_pb_column][\/et_pb_row][\/et_pb_section][et_pb_section fb_built=&#8221;1&#8243; _builder_version=&#8221;3.12.1&#8243; background_color=&#8221;#000000&#8243; global_module=&#8221;585&#8243;][et_pb_row custom_padding=&#8221;27px||0px|&#8221; _builder_version=&#8221;3.15&#8243;][et_pb_column type=&#8221;1_4&#8243; _builder_version=&#8221;3.0.47&#8243; parallax=&#8221;off&#8221; parallax_method=&#8221;on&#8221;][et_pb_image src=&#8221;http:\/\/gudshus.se\/wp-content\/uploads\/2018\/06\/Logo-Guds-Hus-vit-svbg-w776.png&#8221; url=&#8221;\/&#8221; module_class=&#8221;noDecoration&#8221; _builder_version=&#8221;3.15&#8243;][\/et_pb_image][et_pb_text _builder_version=&#8221;3.15&#8243; text_font=&#8221;||||||||&#8221; text_font_size=&#8221;16px&#8221; text_line_height=&#8221;1.5em&#8221;]<\/p>\n<p><em><strong>Innanf\u00f6rskap<\/strong> genom m\u00f6ten \u00f6ver gr\u00e4nser. <strong>M\u00e5ngfald<\/strong> i\u00a0en globaliserad v\u00e4rld.\u00a0<strong>Religion<\/strong> som en resurs i civilsamh\u00e4llet.<\/em><\/p>\n<p>[\/et_pb_text][\/et_pb_column][et_pb_column type=&#8221;1_4&#8243; _builder_version=&#8221;3.0.47&#8243; parallax=&#8221;off&#8221; parallax_method=&#8221;on&#8221;][et_pb_text _builder_version=&#8221;3.15&#8243; text_font=&#8221;||||||||&#8221; text_font_size=&#8221;15px&#8221; text_line_height=&#8221;1.4em&#8221; header_font=&#8221;||||||||&#8221;]<\/p>\n<p><a href=\"\/om-guds-hus\"><strong>Om Guds Hus<\/strong><\/a><br \/><em>Id\u00e9, historia och framtid<\/em><\/p>\n<p>[\/et_pb_text][et_pb_text _builder_version=&#8221;3.15&#8243; text_font=&#8221;||||||||&#8221; text_font_size=&#8221;15px&#8221; text_line_height=&#8221;1.4em&#8221;]<\/p>\n<p><a href=\"\/byggnaden\"><strong>Byggnaden<\/strong><\/a><br \/><em>Ett Guds Hus f\u00f6r m\u00e4nniskor<\/em><\/p>\n<p>[\/et_pb_text][et_pb_text _builder_version=&#8221;3.15&#8243; text_font=&#8221;||||||||&#8221; text_font_size=&#8221;15px&#8221; text_line_height=&#8221;1.4em&#8221;]<\/p>\n<p><a href=\"\/roster-om-guds-hus\"><strong>R\u00f6ster om Guds Hus<\/strong><\/a><br \/><em>T\u00e4nkt och sagt om Guds Hus<\/em><\/p>\n<p>[\/et_pb_text][\/et_pb_column][et_pb_column type=&#8221;1_4&#8243; _builder_version=&#8221;3.0.47&#8243; parallax=&#8221;off&#8221; parallax_method=&#8221;on&#8221;][et_pb_text _builder_version=&#8221;3.15&#8243; text_font=&#8221;||||||||&#8221; text_font_size=&#8221;15px&#8221; text_line_height=&#8221;1.4em&#8221;]<\/p>\n<p><a href=\"\/fragor-svar\"><strong>Fr\u00e5gor &amp; Svar<\/strong><\/a><br \/><em>Svar p\u00e5 dina funderingar<\/em><\/p>\n<p>[\/et_pb_text][et_pb_text _builder_version=&#8221;3.15&#8243; text_font=&#8221;||||||||&#8221; text_font_size=&#8221;15px&#8221; text_line_height=&#8221;1.4em&#8221;]<\/p>\n<p><a href=\"\/aktuellt\"><strong>Aktuellt<\/strong><\/a><br \/><em>Nyheter och kalendarium<\/em><\/p>\n<p>[\/et_pb_text][et_pb_text _builder_version=&#8221;3.13.1&#8243; text_font=&#8221;||||||||&#8221; text_font_size=&#8221;15px&#8221; text_line_height=&#8221;1.4em&#8221;]<\/p>\n<p><a href=\"\/kontakt\"><strong>Kontakt<\/strong><\/a><br \/><em>Adresser och kontaktpersoner<\/em><\/p>\n<p>[\/et_pb_text][\/et_pb_column][et_pb_column type=&#8221;1_4&#8243; _builder_version=&#8221;3.0.47&#8243; parallax=&#8221;off&#8221; parallax_method=&#8221;on&#8221;][et_pb_text _builder_version=&#8221;3.15&#8243; text_font=&#8221;||||||||&#8221; text_font_size=&#8221;15px&#8221; text_line_height=&#8221;1.4em&#8221;]<\/p>\n<p><a href=\"\/stod-guds-hus\"><strong>St\u00f6d Guds Hus<\/strong><\/a><br \/><em>Du kan bidra p\u00e5 m\u00e5nga s\u00e4tt<\/em><\/p>\n<p>\u00bb <a href=\"\/gava\">Ge en g\u00e5va<\/a><\/p>\n<p>\u00bb <a href=\"\/manadsgivare\">Bli M\u00e5nadsgivare<\/a><\/p>\n<p>\u00bb <a href=\"\/vanforetag\">Bli V\u00e4nf\u00f6retag<\/a><\/p>\n<p>\u00bb <a href=\"http:\/\/www.gudshusvan.se\" target=\"_blank\" rel=\"noopener noreferrer\">Guds Hus v\u00e4nf\u00f6rening<\/a><\/p>\n<p>[\/et_pb_text][\/et_pb_column][\/et_pb_row][et_pb_row _builder_version=&#8221;3.15&#8243;][et_pb_column type=&#8221;4_4&#8243; _builder_version=&#8221;3.0.47&#8243; parallax=&#8221;off&#8221; parallax_method=&#8221;on&#8221;][et_pb_text _builder_version=&#8221;3.15&#8243; inline_fonts=&#8221;Elegant Icons2&#8243;]<\/p>\n<div><span style=\"display: inline-block; color: #9b9b9b; font-family: 'Elegant Icons2';\">\ue0e3<\/span><br \/>[google-translator]<\/div>\n<p>[\/et_pb_text][\/et_pb_column][\/et_pb_row][\/et_pb_section]<\/p>\n","protected":false},"excerpt":{"rendered":"<p>Ge en g\u00e5va till Guds Hus \u00a0 Tycker du Guds Hus \u00e4r en bra id\u00e9 f\u00f6r v\u00e5r tid? Visa g\u00e4rna ditt st\u00f6d genom att bidra till bygget med en g\u00e5va. K\u00f6p en tegelsten f\u00f6r en hundring eller ge bort fem som en annorlunda g\u00e5va till n\u00e5gon speciell. Varje hundring, varje tegelsten, \u00e4r en viktig del [&hellip;]<\/p>\n","protected":false},"author":1,"featured_media":0,"parent":0,"menu_order":0,"comment_status":"closed","ping_status":"closed","template":"","meta":{"_et_pb_use_builder":"on","_et_pb_old_content":"","_et_gb_content_width":"","footnotes":""},"class_list":["post-969","page","type-page","status-publish","hentry"],"_links":{"self":[{"href":"https:\/\/gudshus.se\/en\/wp-json\/wp\/v2\/pages\/969","targetHints":{"allow":["GET"]}}],"collection":[{"href":"https:\/\/gudshus.se\/en\/wp-json\/wp\/v2\/pages"}],"about":[{"href":"https:\/\/gudshus.se\/en\/wp-json\/wp\/v2\/types\/page"}],"author":[{"embeddable":true,"href":"https:\/\/gudshus.se\/en\/wp-json\/wp\/v2\/users\/1"}],"replies":[{"embeddable":true,"href":"https:\/\/gudshus.se\/en\/wp-json\/wp\/v2\/comments?post=969"}],"version-history":[{"count":26,"href":"https:\/\/gudshus.se\/en\/wp-json\/wp\/v2\/pages\/969\/revisions"}],"predecessor-version":[{"id":2818,"href":"https:\/\/gudshus.se\/en\/wp-json\/wp\/v2\/pages\/969\/revisions\/2818"}],"wp:attachment":[{"href":"https:\/\/gudshus.se\/en\/wp-json\/wp\/v2\/media?parent=969"}],"curies":[{"name":"wp","href":"https:\/\/api.w.org\/{rel}","templated":true}]}}