{"id":984,"date":"2018-09-12T07:13:54","date_gmt":"2018-09-12T05:13:54","guid":{"rendered":"http:\/\/gudshus.se\/?page_id=984"},"modified":"2020-09-04T11:08:23","modified_gmt":"2020-09-04T09:08:23","slug":"vanforetag","status":"publish","type":"page","link":"https:\/\/gudshus.se\/en\/vanforetag\/","title":{"rendered":"Bli F\u00f6retagsv\u00e4n"},"content":{"rendered":"<p>[et_pb_section fb_built=&#8221;1&#8243; admin_label=&#8221;Sektion intro&#8221; _builder_version=&#8221;3.22&#8243; custom_padding=&#8221;88px|0px|26px|0px|false|false&#8221;][et_pb_row admin_label=&#8221;Rad intro&#8221; _builder_version=&#8221;3.25&#8243; background_size=&#8221;initial&#8221; background_position=&#8221;top_left&#8221; background_repeat=&#8221;repeat&#8221; custom_margin=&#8221;||0px|&#8221; custom_padding=&#8221;31px|0px|0|0px|false|false&#8221;][et_pb_column type=&#8221;4_4&#8243; _builder_version=&#8221;3.25&#8243; custom_padding=&#8221;|||&#8221; custom_padding__hover=&#8221;|||&#8221;][et_pb_text quote_border_weight=&#8221;7px&#8221; _builder_version=&#8221;3.27.4&#8243; text_font=&#8221;Open Sans||||||||&#8221; quote_font=&#8221;Alegreya Sans|900|||||||&#8221; quote_font_size=&#8221;22px&#8221; header_font=&#8221;Alegreya Sans|900|||||||&#8221; header_font_size=&#8221;40px&#8221; inline_fonts=&#8221;Alegreya Sans&#8221;]<\/p>\n<h1>St\u00f6d Guds Hus som V\u00e4nf\u00f6retag<\/h1>\n<p><span style=\"font-size: 18px;\">\u00a0<\/span><br \/>\n[\/et_pb_text][\/et_pb_column][\/et_pb_row][et_pb_row _builder_version=&#8221;3.25&#8243; column_structure=&#8221;1_4,3_4&#8243;][et_pb_column type=&#8221;1_4&#8243; _builder_version=&#8221;3.25&#8243; custom_padding=&#8221;|||&#8221; custom_padding__hover=&#8221;|||&#8221;][et_pb_image src=&#8221;http:\/\/gudshus.se\/wp-content\/uploads\/2018\/09\/Ikon-Briefcase-on-yellow-sq817.png&#8221; align_tablet=&#8221;center&#8221; align_last_edited=&#8221;on|desktop&#8221; module_class=&#8221;circular&#8221; _builder_version=&#8221;3.23&#8243; max_width_tablet=&#8221;40%&#8221; max_width_phone=&#8221;50%&#8221; max_width_last_edited=&#8221;on|phone&#8221;]&nbsp;<br \/>\n[\/et_pb_image][\/et_pb_column][et_pb_column type=&#8221;3_4&#8243; _builder_version=&#8221;3.25&#8243; custom_padding=&#8221;|||&#8221; custom_padding__hover=&#8221;|||&#8221;][et_pb_text _builder_version=&#8221;4.0.11&#8243; hover_enabled=&#8221;0&#8243;]V\u00e4nf\u00f6retag \u00e4r f\u00f6retag och organisationer som vill bidra till att bygga Guds Hus.\u00a0<span style=\"font-size: 18px;\">Ni blir v\u00e4nf\u00f6retag genom att sk\u00e4nka en st\u00f6rre g\u00e5va till insamlingen, allt fr\u00e5n tio tusen kronor och upp\u00e5t.<\/span><\/p>\n<p>Genom v\u00e5rt m\u00e5ng\u00e5riga samarbete \u00f6ver olika gr\u00e4nser har vi bred erfarenhet och kunskap i hur m\u00e5ngfalden b\u00e5de utmanar och berikar.\u00a0<span style=\"font-size: 18px;\">Som v\u00e4nf\u00f6retag kan ni f\u00e5 hj\u00e4lp av oss i er fortbildning och utveckling i dessa fr\u00e5gor.\u00a0<\/span><span style=\"font-size: 18px;\">Vi kan exempelvis skr\u00e4ddarsy en workshop med f\u00f6rel\u00e4sning och \u00f6vningar. Och varf\u00f6r inte en m\u00e5ngkulturell kulinarisk upplevelse i samband med det?<\/span><\/p>\n<p><em>Kontakta oss f\u00f6r vidare samtal om uppl\u00e4gg<\/em>.<\/p>\n<p><span style=\"font-size: 18px;\">Kontaktperson: Maria Stenbom, <\/span><span data-no-translation><a href=\"&#109;&#x61;&#105;&#x6c;&#116;&#x6f;:&#x6d;a&#114;&#x69;&#97;&#x2e;&#115;&#x74;e&#x6e;b&#111;&#x6d;&#64;&#x73;&#118;&#x65;&#110;&#x73;k&#x61;k&#121;&#x72;&#107;&#x61;&#110;&#x2e;s&#x65;\">&#x6d;&#97;r&#x69;&#x61;&#46;s&#x74;&#101;n&#x62;&#x6f;&#109;&#64;&#x73;&#118;e&#x6e;&#x73;&#107;a&#x6b;&#x79;&#114;&#x6b;&#x61;&#110;&#46;&#x73;&#x65;<\/a><\/span><span style=\"font-size: 18px;\">\u00a0\u2022 tel 070-872 11 27<\/span><br \/>\n[\/et_pb_text][\/et_pb_column][\/et_pb_row][\/et_pb_section][et_pb_section fb_built=&#8221;1&#8243; _builder_version=&#8221;3.22&#8243; custom_margin=&#8221;0px||0px|&#8221; custom_padding=&#8221;0px||0px|&#8221;][et_pb_row _builder_version=&#8221;3.25&#8243; custom_margin=&#8221;||0px|&#8221; custom_padding=&#8221;25.6562px|0px|0|0px|false|false&#8221;][et_pb_column type=&#8221;4_4&#8243; _builder_version=&#8221;3.25&#8243; custom_padding=&#8221;||0px|&#8221; custom_padding__hover=&#8221;|||&#8221;][et_pb_divider _builder_version=&#8221;3.15&#8243;]&nbsp;<br \/>\n[\/et_pb_divider][\/et_pb_column][\/et_pb_row][et_pb_row _builder_version=&#8221;3.25&#8243; custom_margin=&#8221;0px||0px|&#8221; custom_padding=&#8221;|||&#8221; column_structure=&#8221;1_4,1_2,1_4&#8243;][et_pb_column type=&#8221;1_4&#8243; _builder_version=&#8221;3.25&#8243; custom_padding=&#8221;|||0px&#8221; custom_padding__hover=&#8221;|||&#8221;][et_pb_image src=&#8221;http:\/\/gudshus.se\/wp-content\/uploads\/2018\/09\/Skepparholmen-Gabriella1-spa-w600-q8.jpg&#8221; align=&#8221;center&#8221; align_tablet=&#8221;center&#8221; align_last_edited=&#8221;on|desktop&#8221; module_class=&#8221;circular&#8221; _builder_version=&#8221;3.23&#8243; max_width_tablet=&#8221;40%&#8221; max_width_phone=&#8221;50%&#8221; max_width_last_edited=&#8221;on|phone&#8221;]&nbsp;<br \/>\n[\/et_pb_image][\/et_pb_column][et_pb_column type=&#8221;1_2&#8243; _builder_version=&#8221;3.25&#8243; custom_padding=&#8221;|||&#8221; custom_padding__hover=&#8221;|||&#8221;][et_pb_text _builder_version=&#8221;3.27.4&#8243; text_font=&#8221;Alegreya Sans|300|||||||&#8221; text_font_size=&#8221;22px&#8221; text_line_height=&#8221;1.6em&#8221; header_font=&#8221;||||||||&#8221; header_4_font=&#8221;|600||on|||||&#8221; header_4_text_color=&#8221;#e09900&#8243; header_4_font_size=&#8221;17px&#8221; header_4_letter_spacing=&#8221;2px&#8221; header_4_line_height=&#8221;1.6em&#8221;]<\/p>\n<h4 style=\"text-align: center;\">d\u00e4rf\u00f6r \u00e4r vi V\u00e4nf\u00f6retag<\/h4>\n<p>\u201d<strong>Skepparholmens anst\u00e4llda<\/strong> \u00e4r till 40% utlandsf\u00f6dda. D\u00e4rf\u00f6r vill vi st\u00f6tta Guds Hus som vi menar \u00e4r ett bra exempel p\u00e5 att f\u00e5 olika religioner och kulturer att m\u00f6tas. Vi vill ta tillvara m\u00e5ngfalden i v\u00e5rt f\u00f6retag och i samh\u00e4llet i \u00f6vrigt.\u201d<\/p>\n<p>\u2013\u00a0Gabriella Persson-Klahr, VD Skepparholmen Nacka Spa- och konferenshotell,\u00a0<a href=\"https:\/\/www.skepparholmen.se\/\" target=\"_blank\" rel=\"noopener noreferrer\">www.skepparholmen.se<\/a><br \/>\n[\/et_pb_text][\/et_pb_column][et_pb_column type=&#8221;1_4&#8243; _builder_version=&#8221;3.25&#8243; custom_padding=&#8221;|||&#8221; custom_padding__hover=&#8221;|||&#8221;][et_pb_image src=&#8221;http:\/\/gudshus.se\/wp-content\/uploads\/2018\/09\/Skepparholmen-Logga-ny.jpg&#8221; align_tablet=&#8221;center&#8221; align_last_edited=&#8221;on|desktop&#8221; _builder_version=&#8221;3.23&#8243; max_width=&#8221;70%&#8221; max_width_tablet=&#8221;30%&#8221; max_width_phone=&#8221;40%&#8221; max_width_last_edited=&#8221;on|phone&#8221;]&nbsp;<br \/>\n[\/et_pb_image][\/et_pb_column][\/et_pb_row][et_pb_row _builder_version=&#8221;3.25&#8243; custom_padding=&#8221;25.6562px|0px|0|0px|false|false&#8221;][et_pb_column type=&#8221;4_4&#8243; _builder_version=&#8221;3.25&#8243; custom_padding=&#8221;|||&#8221; custom_padding__hover=&#8221;|||&#8221;][et_pb_divider _builder_version=&#8221;3.15&#8243;]&nbsp;<br \/>\n[\/et_pb_divider][\/et_pb_column][\/et_pb_row][\/et_pb_section][et_pb_section fb_built=&#8221;1&#8243; _builder_version=&#8221;3.22&#8243; custom_padding=&#8221;12px|0px|51.3125px|0px|false|false&#8221;][et_pb_row _builder_version=&#8221;3.25&#8243; custom_padding=&#8221;25.6562px|0px|25.6562px|1px|false|false&#8221; column_structure=&#8221;1_3,1_3,1_3&#8243;][et_pb_column type=&#8221;1_3&#8243; _builder_version=&#8221;3.25&#8243; custom_padding=&#8221;|||&#8221; custom_padding__hover=&#8221;|||&#8221;][et_pb_text _builder_version=&#8221;3.27.4&#8243; text_font=&#8221;||||||||&#8221; text_font_size=&#8221;16px&#8221; header_font=&#8221;||||||||&#8221; header_3_font=&#8221;||||||||&#8221; header_3_text_color=&#8221;#e09900&#8243; header_3_font_size=&#8221;25px&#8221;]<\/p>\n<h3>V\u00e4nf\u00f6retag<\/h3>\n<p><em>Vill ditt\u00a0f\u00f6retag eller organisation ocks\u00e5 synas h\u00e4r \u2013 kontakta oss f\u00f6r mer info.<\/em><br \/>\n[\/et_pb_text][\/et_pb_column][et_pb_column type=&#8221;1_3&#8243; _builder_version=&#8221;3.25&#8243; custom_padding=&#8221;|||&#8221; custom_padding__hover=&#8221;|||&#8221;][et_pb_blurb title=&#8221;Draken Arkitektur&#8221; image=&#8221;http:\/\/gudshus.se\/wp-content\/uploads\/2018\/09\/Draken-arkitektur-logo-text.jpg&#8221; image_max_width=&#8221;71%&#8221; _builder_version=&#8221;3.15&#8243; header_font=&#8221;||||||||&#8221; header_font_size=&#8221;20px&#8221; body_font=&#8221;||||||||&#8221; body_font_size=&#8221;16px&#8221; body_line_height=&#8221;1em&#8221; text_orientation=&#8221;center&#8221;]<a href=\"http:\/\/www.drakenarkitektur.se\/\" target=\"_blank\" rel=\"noopener noreferrer\">wwww.drakenarkitektur.se<\/a><br \/>\n[\/et_pb_blurb][\/et_pb_column][et_pb_column type=&#8221;1_3&#8243; _builder_version=&#8221;3.25&#8243; custom_padding=&#8221;|||&#8221; custom_padding__hover=&#8221;|||&#8221;][et_pb_blurb title=&#8221;unitehopeproject&#8221; image=&#8221;http:\/\/gudshus.se\/wp-content\/uploads\/2018\/10\/unitehopeproject-logga-278.jpg&#8221; image_max_width=&#8221;71%&#8221; _builder_version=&#8221;3.15&#8243; header_font=&#8221;||||||||&#8221; header_font_size=&#8221;20px&#8221; body_font=&#8221;||||||||&#8221; body_font_size=&#8221;16px&#8221; body_line_height=&#8221;1em&#8221; text_orientation=&#8221;center&#8221;]<a href=\"http:\/\/www.unitehopeproject.com\/\" target=\"_blank\" rel=\"noopener noreferrer\">www.unitehopeproject.com<\/a><br \/>\n[\/et_pb_blurb][\/et_pb_column][\/et_pb_row][et_pb_row make_equal=&#8221;on&#8221; _builder_version=&#8221;3.25&#8243; column_structure=&#8221;1_3,1_3,1_3&#8243;][et_pb_column type=&#8221;1_3&#8243; _builder_version=&#8221;3.25&#8243; custom_padding=&#8221;|||&#8221; custom_padding__hover=&#8221;|||&#8221;][\/et_pb_column][et_pb_column type=&#8221;1_3&#8243; _builder_version=&#8221;3.25&#8243; custom_padding=&#8221;|||&#8221; custom_padding__hover=&#8221;|||&#8221;][et_pb_blurb title=&#8221;Wiklund&#038;Wiklund&#8221; image=&#8221;http:\/\/gudshus.se\/wp-content\/uploads\/2018\/10\/Logo-WW-landscape.png&#8221; image_max_width=&#8221;62%&#8221; _builder_version=&#8221;3.15&#8243; header_font=&#8221;||||||||&#8221; header_font_size=&#8221;20px&#8221; body_font=&#8221;||||||||&#8221; body_font_size=&#8221;16px&#8221; body_line_height=&#8221;1em&#8221; text_orientation=&#8221;center&#8221;]<a href=\"https:\/\/wiklundwiklund.com\/\" target=\"_blank\" rel=\"noopener noreferrer\">www.wiklundwiklund.com<\/a><br \/>\n[\/et_pb_blurb][\/et_pb_column][et_pb_column type=&#8221;1_3&#8243; _builder_version=&#8221;3.25&#8243; custom_padding=&#8221;|||&#8221; custom_padding__hover=&#8221;|||&#8221;][et_pb_blurb title=&#8221;Skepparholmen Nacka&#8221; image=&#8221;http:\/\/gudshus.se\/wp-content\/uploads\/2018\/09\/Skepparholmen-Logga-ny.jpg&#8221; image_max_width=&#8221;26%&#8221; _builder_version=&#8221;3.15&#8243; header_font=&#8221;||||||||&#8221; header_font_size=&#8221;20px&#8221; body_font=&#8221;||||||||&#8221; body_font_size=&#8221;16px&#8221; body_line_height=&#8221;1em&#8221; text_orientation=&#8221;center&#8221;]<a href=\"https:\/\/www.skepparholmen.se\/\" target=\"_blank\" rel=\"noopener noreferrer\">wwww.skepparholmen.se<\/a><br \/>\n[\/et_pb_blurb][\/et_pb_column][\/et_pb_row][\/et_pb_section][et_pb_section fb_built=&#8221;1&#8243; prev_background_color=&#8221;#ffffff&#8221; admin_label=&#8221;Sektion Nyhetsbrev&#8221; _builder_version=&#8221;3.26.3&#8243; background_color=&#8221;#c9384e&#8221; custom_padding=&#8221;62px|0px|0|0px|false|false&#8221; top_divider_style=&#8221;arrow2&#8243; top_divider_height=&#8221;40px&#8221; top_divider_arrangement=&#8221;above_content&#8221; global_module=&#8221;547&#8243; saved_tabs=&#8221;all&#8221;][et_pb_row _builder_version=&#8221;3.25&#8243; custom_padding=&#8221;25.5938px|0px|0|0px|false|false&#8221;][et_pb_column type=&#8221;4_4&#8243; _builder_version=&#8221;3.25&#8243; custom_padding=&#8221;|||&#8221; custom_padding__hover=&#8221;|||&#8221;][et_pb_text _builder_version=&#8221;3.27.4&#8243; text_font=&#8221;||||||||&#8221; header_font=&#8221;Alegreya Sans|900|||||||&#8221; header_text_color=&#8221;#ffffff&#8221; header_font_size=&#8221;62px&#8221; header_font_size_tablet=&#8221;&#8221; header_font_size_phone=&#8221;50px&#8221; header_font_size_last_edited=&#8221;on|phone&#8221; text_text_shadow_style=&#8221;preset3&#8243;]<\/p>\n<h1 style=\"text-align: center;\">H\u00e5ll dig informerad<\/h1>\n<p>[\/et_pb_text][\/et_pb_column][\/et_pb_row][et_pb_row _builder_version=&#8221;3.25&#8243; custom_padding=&#8221;0|0px|0|0px|false|false&#8221;][et_pb_column type=&#8221;4_4&#8243; _builder_version=&#8221;3.25&#8243; custom_padding=&#8221;|||&#8221; custom_padding__hover=&#8221;|||&#8221;][\/et_pb_column][\/et_pb_row][et_pb_row column_structure=&#8221;1_2,1_2&#8243; _builder_version=&#8221;3.25&#8243; background_size=&#8221;initial&#8221; background_position=&#8221;top_left&#8221; background_repeat=&#8221;repeat&#8221; custom_padding=&#8221;2px|0px|44px|0px|false|false&#8221; animation_direction=&#8221;left&#8221;][et_pb_column type=&#8221;1_2&#8243; _builder_version=&#8221;3.25&#8243; custom_padding=&#8221;|||&#8221; custom_padding__hover=&#8221;|||&#8221;][et_pb_text _builder_version=&#8221;4.0.11&#8243; text_font=&#8221;Open Sans||||||||&#8221; text_text_color=&#8221;#ffffff&#8221; text_font_size=&#8221;17px&#8221; link_text_color=&#8221;#ffffff&#8221; header_font=&#8221;Alegreya Sans|300|||||||&#8221; header_text_color=&#8221;#ffffff&#8221; header_font_size=&#8221;40px&#8221; background_layout=&#8221;dark&#8221; z_index_tablet=&#8221;500&#8243; text_text_shadow_style=&#8221;preset3&#8243; link_text_shadow_horizontal_length_tablet=&#8221;0px&#8221; link_text_shadow_vertical_length_tablet=&#8221;0px&#8221; link_text_shadow_blur_strength_tablet=&#8221;1px&#8221; ul_text_shadow_horizontal_length_tablet=&#8221;0px&#8221; ul_text_shadow_vertical_length_tablet=&#8221;0px&#8221; ul_text_shadow_blur_strength_tablet=&#8221;1px&#8221; ol_text_shadow_horizontal_length_tablet=&#8221;0px&#8221; ol_text_shadow_vertical_length_tablet=&#8221;0px&#8221; ol_text_shadow_blur_strength_tablet=&#8221;1px&#8221; quote_text_shadow_horizontal_length_tablet=&#8221;0px&#8221; quote_text_shadow_vertical_length_tablet=&#8221;0px&#8221; quote_text_shadow_blur_strength_tablet=&#8221;1px&#8221; header_text_shadow_horizontal_length_tablet=&#8221;0px&#8221; header_text_shadow_vertical_length_tablet=&#8221;0px&#8221; header_text_shadow_blur_strength_tablet=&#8221;1px&#8221; header_2_text_shadow_horizontal_length_tablet=&#8221;0px&#8221; header_2_text_shadow_vertical_length_tablet=&#8221;0px&#8221; header_2_text_shadow_blur_strength_tablet=&#8221;1px&#8221; header_3_text_shadow_horizontal_length_tablet=&#8221;0px&#8221; header_3_text_shadow_vertical_length_tablet=&#8221;0px&#8221; header_3_text_shadow_blur_strength_tablet=&#8221;1px&#8221; header_4_text_shadow_horizontal_length_tablet=&#8221;0px&#8221; header_4_text_shadow_vertical_length_tablet=&#8221;0px&#8221; header_4_text_shadow_blur_strength_tablet=&#8221;1px&#8221; header_5_text_shadow_horizontal_length_tablet=&#8221;0px&#8221; header_5_text_shadow_vertical_length_tablet=&#8221;0px&#8221; header_5_text_shadow_blur_strength_tablet=&#8221;1px&#8221; header_6_text_shadow_horizontal_length_tablet=&#8221;0px&#8221; header_6_text_shadow_vertical_length_tablet=&#8221;0px&#8221; header_6_text_shadow_blur_strength_tablet=&#8221;1px&#8221; box_shadow_horizontal_tablet=&#8221;0px&#8221; box_shadow_vertical_tablet=&#8221;0px&#8221; box_shadow_blur_tablet=&#8221;40px&#8221; box_shadow_spread_tablet=&#8221;0px&#8221;]<\/p>\n<p><strong>L\u00e5t oss ber\u00e4tta vad som h\u00e4nder, <\/strong>s\u00e5 kan du ber\u00e4tta f\u00f6r andra<strong>.\u00a0<\/strong><span style=\"font-size: 17px;\">I nyhetsbrevet ber\u00e4ttar vi hur arbetet fortskrider och bjuder in till olika aktiviteter. <\/span><\/p>\n<p><span style=\"font-size: 17px;\">Nyhetsbrevet skickas ca 2\u20134 g\u00e5nger per \u00e5r. Du kan n\u00e4r som helst s\u00e4ga upp prenumerationen med ett enkelt klick.<\/span><\/p>\n<p><a href=\"https:\/\/us19.campaign-archive.com\/home\/?u=c0a343e6ca75e930a217fa742&amp;id=3b1c15454f\" target=\"_blank\" rel=\"noopener\">L\u00e4s tidigare nyhetsbrev h\u00e4r \u00bb<\/a><\/p>\n<p>[\/et_pb_text][\/et_pb_column][et_pb_column type=&#8221;1_2&#8243; _builder_version=&#8221;3.25&#8243; custom_padding=&#8221;|||&#8221; custom_padding__hover=&#8221;|||&#8221;][et_pb_signup mailchimp_list=&#8221;Guds Hus|3b1c15454f&#8221; name_field=&#8221;on&#8221; success_message=&#8221;Tack f\u00f6r din anm\u00e4lan. N\u00e4sta nyhetsbrev kommer skickas direkt till din inbox.&#8221; title=&#8221;Skicka mig nyhetsbrevet&#8221; _builder_version=&#8221;3.23&#8243; header_level=&#8221;h5&#8243; header_font=&#8221;|800|||||||&#8221; result_message_font=&#8221;Open Sans|600|||||||&#8221; result_message_font_size=&#8221;18px&#8221; result_message_line_height=&#8221;1.3em&#8221; use_background_color=&#8221;off&#8221; custom_margin=&#8221;0px|||&#8221; custom_padding=&#8221;0px|||&#8221; button_text_size__hover_enabled=&#8221;off&#8221; button_text_size__hover=&#8221;null&#8221; button_one_text_size__hover_enabled=&#8221;off&#8221; button_one_text_size__hover=&#8221;null&#8221; button_two_text_size__hover_enabled=&#8221;off&#8221; button_two_text_size__hover=&#8221;null&#8221; button_text_color__hover_enabled=&#8221;off&#8221; button_text_color__hover=&#8221;null&#8221; button_one_text_color__hover_enabled=&#8221;off&#8221; button_one_text_color__hover=&#8221;null&#8221; button_two_text_color__hover_enabled=&#8221;off&#8221; button_two_text_color__hover=&#8221;null&#8221; button_border_width__hover_enabled=&#8221;off&#8221; button_border_width__hover=&#8221;null&#8221; button_one_border_width__hover_enabled=&#8221;off&#8221; button_one_border_width__hover=&#8221;null&#8221; button_two_border_width__hover_enabled=&#8221;off&#8221; button_two_border_width__hover=&#8221;null&#8221; button_border_color__hover_enabled=&#8221;off&#8221; button_border_color__hover=&#8221;null&#8221; button_one_border_color__hover_enabled=&#8221;off&#8221; button_one_border_color__hover=&#8221;null&#8221; button_two_border_color__hover_enabled=&#8221;off&#8221; button_two_border_color__hover=&#8221;null&#8221; button_border_radius__hover_enabled=&#8221;off&#8221; button_border_radius__hover=&#8221;null&#8221; button_one_border_radius__hover_enabled=&#8221;off&#8221; button_one_border_radius__hover=&#8221;null&#8221; button_two_border_radius__hover_enabled=&#8221;off&#8221; button_two_border_radius__hover=&#8221;null&#8221; button_letter_spacing__hover_enabled=&#8221;off&#8221; button_letter_spacing__hover=&#8221;null&#8221; button_one_letter_spacing__hover_enabled=&#8221;off&#8221; button_one_letter_spacing__hover=&#8221;null&#8221; button_two_letter_spacing__hover_enabled=&#8221;off&#8221; button_two_letter_spacing__hover=&#8221;null&#8221; button_bg_color__hover_enabled=&#8221;off&#8221; button_bg_color__hover=&#8221;null&#8221; button_one_bg_color__hover_enabled=&#8221;off&#8221; button_one_bg_color__hover=&#8221;null&#8221; button_two_bg_color__hover_enabled=&#8221;off&#8221; button_two_bg_color__hover=&#8221;null&#8221;][\/et_pb_signup][\/et_pb_column][\/et_pb_row][\/et_pb_section][et_pb_section fb_built=&#8221;1&#8243; _builder_version=&#8221;3.12.1&#8243; background_color=&#8221;#000000&#8243; global_module=&#8221;585&#8243;][et_pb_row column_structure=&#8221;1_4,1_4,1_4,1_4&#8243; _builder_version=&#8221;3.25&#8243; custom_padding=&#8221;27px||0px|&#8221;][et_pb_column type=&#8221;1_4&#8243; _builder_version=&#8221;3.25&#8243; custom_padding=&#8221;|||&#8221; custom_padding__hover=&#8221;|||&#8221;][et_pb_image src=&#8221;http:\/\/gudshus.se\/wp-content\/uploads\/2018\/06\/Logo-Guds-Hus-vit-svbg-w776.png&#8221; url=&#8221;\/&#8221; align_tablet=&#8221;center&#8221; align_phone=&#8221;&#8221; align_last_edited=&#8221;on|desktop&#8221; module_class=&#8221;noDecoration&#8221; _builder_version=&#8221;3.23&#8243;][\/et_pb_image][et_pb_text _builder_version=&#8221;3.27.4&#8243; text_font=&#8221;||||||||&#8221; text_font_size=&#8221;16px&#8221; text_line_height=&#8221;1.5em&#8221;]<\/p>\n<p><em><strong>Innanf\u00f6rskap<\/strong> genom m\u00f6ten \u00f6ver gr\u00e4nser. <strong>M\u00e5ngfald<\/strong> i\u00a0en globaliserad v\u00e4rld.\u00a0<strong>Religion<\/strong> som en resurs i civilsamh\u00e4llet.<\/em><\/p>\n<p>[\/et_pb_text][\/et_pb_column][et_pb_column type=&#8221;1_4&#8243; _builder_version=&#8221;3.25&#8243; custom_padding=&#8221;|||&#8221; custom_padding__hover=&#8221;|||&#8221;][et_pb_text _builder_version=&#8221;3.27.4&#8243; text_font=&#8221;||||||||&#8221; text_font_size=&#8221;15px&#8221; text_line_height=&#8221;1.4em&#8221; header_font=&#8221;||||||||&#8221;]<\/p>\n<p><a href=\"\/om-guds-hus\"><strong>Om Guds Hus<\/strong><\/a><br \/><em>Id\u00e9, historia och framtid<\/em><\/p>\n<p>[\/et_pb_text][et_pb_text _builder_version=&#8221;3.27.4&#8243; text_font=&#8221;||||||||&#8221; text_font_size=&#8221;15px&#8221; text_line_height=&#8221;1.4em&#8221;]<\/p>\n<p><a href=\"\/byggnaden\"><strong>Byggnaden<\/strong><\/a><br \/><em>Ett Guds Hus f\u00f6r m\u00e4nniskor<\/em><\/p>\n<p>[\/et_pb_text][et_pb_text _builder_version=&#8221;3.27.4&#8243; text_font=&#8221;||||||||&#8221; text_font_size=&#8221;15px&#8221; text_line_height=&#8221;1.4em&#8221;]<\/p>\n<p><a href=\"\/roster-om-guds-hus\"><strong>R\u00f6ster om Guds Hus<\/strong><\/a><br \/><em>T\u00e4nkt och sagt om Guds Hus<\/em><\/p>\n<p>[\/et_pb_text][\/et_pb_column][et_pb_column type=&#8221;1_4&#8243; _builder_version=&#8221;3.25&#8243; custom_padding=&#8221;|||&#8221; custom_padding__hover=&#8221;|||&#8221;][et_pb_text _builder_version=&#8221;3.27.4&#8243; text_font=&#8221;||||||||&#8221; text_font_size=&#8221;15px&#8221; text_line_height=&#8221;1.4em&#8221;]<\/p>\n<p><a href=\"\/fragor-svar\"><strong>Fr\u00e5gor &amp; Svar<\/strong><\/a><br \/><em>Svar p\u00e5 dina funderingar<\/em><\/p>\n<p>[\/et_pb_text][et_pb_text _builder_version=&#8221;3.27.4&#8243; text_font=&#8221;||||||||&#8221; text_font_size=&#8221;15px&#8221; text_line_height=&#8221;1.4em&#8221;]<\/p>\n<p><a href=\"\/aktuellt\"><strong>Aktuellt<\/strong><\/a><br \/><em>Nyheter och kalendarium<\/em><\/p>\n<p>[\/et_pb_text][et_pb_text _builder_version=&#8221;3.27.4&#8243; text_font=&#8221;||||||||&#8221; text_font_size=&#8221;15px&#8221; text_line_height=&#8221;1.4em&#8221;]<\/p>\n<p><a href=\"\/kontakt\"><strong>Kontakt<\/strong><\/a><br \/><em>Adresser och kontaktpersoner<\/em><\/p>\n<p>[\/et_pb_text][\/et_pb_column][et_pb_column type=&#8221;1_4&#8243; _builder_version=&#8221;3.25&#8243; custom_padding=&#8221;|||&#8221; custom_padding__hover=&#8221;|||&#8221;][et_pb_text _builder_version=&#8221;3.27.4&#8243; text_font=&#8221;||||||||&#8221; text_font_size=&#8221;15px&#8221; text_line_height=&#8221;1.4em&#8221;]<\/p>\n<p><a href=\"\/stod-guds-hus\"><strong>St\u00f6d Guds Hus<\/strong><\/a><br \/><em>Du kan bidra p\u00e5 m\u00e5nga s\u00e4tt<\/em><\/p>\n<p>\u00bb <a href=\"\/gava\">Ge en g\u00e5va<\/a><\/p>\n<p>\u00bb <a href=\"\/manadsgivare\">Bli M\u00e5nadsgivare<\/a><\/p>\n<p>\u00bb <a href=\"\/vanforetag\">Bli V\u00e4nf\u00f6retag<\/a><\/p>\n<p>\u00bb <a href=\"http:\/\/www.gudshusvan.se\" target=\"_blank\" rel=\"noopener noreferrer\">Guds Hus v\u00e4nf\u00f6rening<\/a><\/p>\n<p>[\/et_pb_text][\/et_pb_column][\/et_pb_row][et_pb_row _builder_version=&#8221;3.25&#8243;][et_pb_column type=&#8221;4_4&#8243; _builder_version=&#8221;3.25&#8243; custom_padding=&#8221;|||&#8221; custom_padding__hover=&#8221;|||&#8221;][et_pb_text _builder_version=&#8221;3.27.4&#8243; inline_fonts=&#8221;Elegant Icons2&#8243;]<\/p>\n<div><span style=\"display: inline-block; color: #9b9b9b; font-family: 'Elegant Icons2';\">\ue0e3<\/span><br \/>[google-translator]<\/div>\n<p>[\/et_pb_text][\/et_pb_column][\/et_pb_row][\/et_pb_section]<\/p>\n","protected":false},"excerpt":{"rendered":"<p>St\u00f6d Guds Hus som V\u00e4nf\u00f6retag \u00a0 &nbsp; V\u00e4nf\u00f6retag \u00e4r f\u00f6retag och organisationer som vill bidra till att bygga Guds Hus.\u00a0Ni blir v\u00e4nf\u00f6retag genom att sk\u00e4nka en st\u00f6rre g\u00e5va till insamlingen, allt fr\u00e5n tio tusen kronor och upp\u00e5t. Genom v\u00e5rt m\u00e5ng\u00e5riga samarbete \u00f6ver olika gr\u00e4nser har vi bred erfarenhet och kunskap i hur m\u00e5ngfalden b\u00e5de utmanar [&hellip;]<\/p>\n","protected":false},"author":1,"featured_media":0,"parent":0,"menu_order":0,"comment_status":"closed","ping_status":"closed","template":"","meta":{"_et_pb_use_builder":"on","_et_pb_old_content":"","_et_gb_content_width":"","footnotes":""},"class_list":["post-984","page","type-page","status-publish","hentry"],"_links":{"self":[{"href":"https:\/\/gudshus.se\/en\/wp-json\/wp\/v2\/pages\/984","targetHints":{"allow":["GET"]}}],"collection":[{"href":"https:\/\/gudshus.se\/en\/wp-json\/wp\/v2\/pages"}],"about":[{"href":"https:\/\/gudshus.se\/en\/wp-json\/wp\/v2\/types\/page"}],"author":[{"embeddable":true,"href":"https:\/\/gudshus.se\/en\/wp-json\/wp\/v2\/users\/1"}],"replies":[{"embeddable":true,"href":"https:\/\/gudshus.se\/en\/wp-json\/wp\/v2\/comments?post=984"}],"version-history":[{"count":15,"href":"https:\/\/gudshus.se\/en\/wp-json\/wp\/v2\/pages\/984\/revisions"}],"predecessor-version":[{"id":3571,"href":"https:\/\/gudshus.se\/en\/wp-json\/wp\/v2\/pages\/984\/revisions\/3571"}],"wp:attachment":[{"href":"https:\/\/gudshus.se\/en\/wp-json\/wp\/v2\/media?parent=984"}],"curies":[{"name":"wp","href":"https:\/\/api.w.org\/{rel}","templated":true}]}}